{"id":866,"date":"2014-09-06T14:08:55","date_gmt":"2014-09-06T18:08:55","guid":{"rendered":"http:\/\/sintmol.draconis.ufms.br\/?page_id=866"},"modified":"2024-12-11T15:47:50","modified_gmt":"2024-12-11T19:47:50","slug":"revistas-de-quimica","status":"publish","type":"page","link":"https:\/\/sintmol.ufms.br\/en\/links\/revistas-de-quimica\/","title":{"rendered":"Chemistry journals (in Brazil)"},"content":{"rendered":"<ul>\n<li><a href=\"http:\/\/www.orbital.ufms.br\/\" target=\"_blank\" rel=\"noopener noreferrer\">Orbital: The Electronic Journal of Chemistry<\/a><\/li>\n<li><a href=\"https:\/\/rvq.sbq.org.br\/?agrep=jbcs,qn,qnesc,qnint,rvq\" target=\"_blank\" rel=\"noopener noreferrer\">Revista Virtual de Qu\u00edmica<\/a><\/li>\n<li><a href=\"http:\/\/quimicanova.sbq.org.br\/\" target=\"_blank\" rel=\"noopener noreferrer\">Qu\u00edmica Nova<\/a>&nbsp;<\/li>\n<li><a href=\"http:\/\/qnesc.sbq.org.br\/\" target=\"_blank\" rel=\"noopener noreferrer\">QNEsc -Qu\u00edmica Nova na Escola<\/a><\/li>\n<li><a href=\"http:\/\/jbcs.sbq.org.br\/\" target=\"_blank\" rel=\"noopener noreferrer\">Journal of the Brazilian Chemical Society<\/a><\/li>\n<li><a href=\"http:\/\/www.brjac.com.br\/\" target=\"_blank\" rel=\"noopener noreferrer\">BrJAC &#8211; Brazilian Journal of Analytical Chemistry<\/a>&nbsp;<\/li>\n<li><a href=\"http:\/\/rebeq.revistascientificas.com.br\/\" target=\"_blank\" rel=\"noopener noreferrer\">Revista Brasileira de Ensino de Qu\u00edmica &#8211; ReBEQ<\/a>&nbsp;<\/li>\n<li><a href=\"http:\/\/www.scielo.br\/scielo.php?script=sci_serial&amp;pid=0100-4670&amp;lng=en&amp;nrm=iso\" target=\"_blank\" rel=\"noopener noreferrer\">Ecl\u00e9tica Qu\u00edmica<\/a>&nbsp;<\/li>\n<li><a href=\"http:\/\/www.journal.tchequimica.com\/\" target=\"_blank\" rel=\"noopener noreferrer\">Tch\u00ea Qu\u00edmica &#8211; Journal<\/a><\/li>\n<\/ul>\n<h3>Related Images:<\/h3>","protected":false},"excerpt":{"rendered":"<p>Orbital: The Electronic Journal of Chemistry Revista Virtual de Qu\u00edmica Qu\u00edmica Nova&nbsp; QNEsc -Qu\u00edmica Nova na Escola Journal of the Brazilian Chemical Society BrJAC &#8211; Brazilian Journal of Analytical Chemistry&nbsp; Revista Brasileira de Ensino de Qu\u00edmica &#8211; ReBEQ&nbsp; Ecl\u00e9tica Qu\u00edmica&nbsp; Tch\u00ea Qu\u00edmica &#8211; Journal Related Images:<\/p>\n","protected":false},"author":126,"featured_media":0,"parent":171,"menu_order":0,"comment_status":"closed","ping_status":"open","template":"","meta":{"ngg_post_thumbnail":0,"footnotes":""},"coauthors":[],"class_list":["post-866","page","type-page","status-publish","hentry"],"_links":{"self":[{"href":"https:\/\/sintmol.ufms.br\/en\/wp-json\/wp\/v2\/pages\/866","targetHints":{"allow":["GET"]}}],"collection":[{"href":"https:\/\/sintmol.ufms.br\/en\/wp-json\/wp\/v2\/pages"}],"about":[{"href":"https:\/\/sintmol.ufms.br\/en\/wp-json\/wp\/v2\/types\/page"}],"author":[{"embeddable":true,"href":"https:\/\/sintmol.ufms.br\/en\/wp-json\/wp\/v2\/users\/126"}],"replies":[{"embeddable":true,"href":"https:\/\/sintmol.ufms.br\/en\/wp-json\/wp\/v2\/comments?post=866"}],"version-history":[{"count":9,"href":"https:\/\/sintmol.ufms.br\/en\/wp-json\/wp\/v2\/pages\/866\/revisions"}],"predecessor-version":[{"id":4084,"href":"https:\/\/sintmol.ufms.br\/en\/wp-json\/wp\/v2\/pages\/866\/revisions\/4084"}],"up":[{"embeddable":true,"href":"https:\/\/sintmol.ufms.br\/en\/wp-json\/wp\/v2\/pages\/171"}],"wp:attachment":[{"href":"https:\/\/sintmol.ufms.br\/en\/wp-json\/wp\/v2\/media?parent=866"}],"wp:term":[{"taxonomy":"author","embeddable":true,"href":"https:\/\/sintmol.ufms.br\/en\/wp-json\/wp\/v2\/coauthors?post=866"}],"curies":[{"name":"wp","href":"https:\/\/api.w.org\/{rel}","templated":true}]}}