{"id":4183,"date":"2025-03-20T17:32:54","date_gmt":"2025-03-20T21:32:54","guid":{"rendered":"https:\/\/sintmol.ufms.br\/?page_id=4183"},"modified":"2025-03-20T17:55:03","modified_gmt":"2025-03-20T21:55:03","slug":"rebeca-yndira-cabrera-padilla","status":"publish","type":"page","link":"https:\/\/sintmol.ufms.br\/en\/equipe\/docentes\/rebeca-yndira-cabrera-padilla\/","title":{"rendered":"Rebeca Yndira Cabrera Padilla"},"content":{"rendered":"<h3 style=\"font-weight: 400\"><strong><a href=\"https:\/\/sintmol.ufms.br\/rebeca-yndira-cabrera-padilla\/rebeca_padilla\/\" rel=\"attachment wp-att-4189\"><img fetchpriority=\"high\" decoding=\"async\" class=\"alignleft wp-image-4189 size-medium\" src=\"http:\/\/sintmol.ufms.br\/files\/2025\/03\/Rebeca_Padilla-232x300.png\" alt=\"\" width=\"232\" height=\"300\" srcset=\"https:\/\/sintmol.ufms.br\/files\/2025\/03\/Rebeca_Padilla-232x300.png 232w, https:\/\/sintmol.ufms.br\/files\/2025\/03\/Rebeca_Padilla-116x150.png 116w, https:\/\/sintmol.ufms.br\/files\/2025\/03\/Rebeca_Padilla-247x320.png 247w, https:\/\/sintmol.ufms.br\/files\/2025\/03\/Rebeca_Padilla.png 257w\" sizes=\"(max-width: 232px) 100vw, 232px\" \/><\/a>Assistant Professor (tenured)<\/strong><\/h3>\n<p>&nbsp;<\/p>\n<p>Phone: &nbsp;67 996264156<br \/>\nE-mail:&nbsp;<a href=\"mailto:rebeca.padilla@ufms.br\">rebeca.padilla@ufms.br<\/a><br \/>\n<a href=\"http:\/\/lattes.cnpq.br\/0214528880301310\" target=\"_blank\" rel=\"noopener\" data-saferedirecturl=\"https:\/\/www.google.com\/url?q=http:\/\/lattes.cnpq.br\/9350392271118252&amp;source=gmail&amp;ust=1742592343933000&amp;usg=AOvVaw3yCisybe7KeD1iT-b90QgQ\"><strong><em>Curriculum Lattes<\/em><\/strong><\/a><br \/>\nGraduate programs served by Dr. Padilla: &nbsp;<a href=\"https:\/\/sistemas.ufms.br\/sigpos\/portal\/cursos\/view\/cursoId:190\" data-saferedirecturl=\"https:\/\/www.google.com\/url?q=https:\/\/sistemas.ufms.br\/sigpos\/portal\/cursos\/view\/cursoId:190&amp;source=gmail&amp;ust=1742592343933000&amp;usg=AOvVaw0nAF6_k4VOCEfdLkOFt0PK\">Chemistry<\/a><\/p>\n<p>&nbsp;<\/p>\n<p>&nbsp;<\/p>\n<p>&nbsp;<\/p>\n<hr \/>\n<p style=\"font-weight: 400;text-align: justify\">Graduated in Chemical Engineering from the Universidad Nacional San Luis Gonzaga de Ica, Master in Chemical Engineering from the Federal University of Uberl\u00e2ndia (2003) and PhD in Chemical Engineering from the Federal University of S\u00e3o Carlos (2007). Post-doctorate in Hydraulics and Sanitation from the University of S\u00e3o Paulo (2009). Post-doctorate in Biotechnology from the Tiradentes University (2011). Has experience in the area of Chemical Engineering, with emphasis on Biochemical Processes, working mainly on the following topics: immobilization of enzymes for hydrolysis, esterification and transesterification reactions; biochemical characterization, morphology and physicochemical characterization of immobilized enzymes; sequential hydrolysis of cheese whey for production of amino acids; treatment of industrial effluents by biological methods and adsorption using agro-industrial waste; modeling and simulation of processes in chemical and biochemical reactors. She was a professor at Tiradentes University (UNIT), a researcher at the Institute of Technology and Research (ITP) and was part of the faculty of the Postgraduate Program in Process Engineering at UNIT. She currently works at the Federal University of Mato Grosso do Sul, where she is part of the faculty of the Chemistry Institute and the Postgraduate Program in Chemistry.<\/p>\n<hr \/>\n<h4 style=\"font-weight: 400\"><strong>Main lines of research<\/strong><\/h4>\n<ul>\n<li style=\"font-weight: 400\">Enzymatic processes<\/li>\n<li style=\"font-weight: 400\">Wastewater treatment<\/li>\n<\/ul>\n<h4 style=\"font-weight: 400\"><strong>&nbsp;<\/strong><strong>Themes of interest<\/strong><\/h4>\n<ul>\n<li style=\"font-weight: 400\">Preparation of hybrid supports for enzyme immobilization<\/li>\n<li style=\"font-weight: 400\">Immobilization and characterization of enzymes by various methods<\/li>\n<li style=\"font-weight: 400\">Enzymatic reactions of hydrolysis and transesterification<\/li>\n<li style=\"font-weight: 400\">Effluent treatment by adsorption using agro-industrial waste<\/li>\n<li style=\"font-weight: 400\">Biological effluent treatment<\/li>\n<li style=\"font-weight: 400\">Reactor automation using Arduino<\/li>\n<\/ul>\n<hr \/>\n<p>&nbsp;<\/p>\n<h3>Related Images:<\/h3>","protected":false},"excerpt":{"rendered":"<p>Assistant Professor (tenured) &nbsp; Phone: &nbsp;67 996264156 E-mail:&nbsp;rebeca.padilla@ufms.br Curriculum Lattes Graduate programs served by Dr. Padilla: &nbsp;Chemistry &nbsp; &nbsp; &nbsp; Graduated in Chemical Engineering from the Universidad Nacional San Luis Gonzaga de Ica, Master in Chemical Engineering from the Federal University of Uberl\u00e2ndia (2003) and PhD in Chemical Engineering from the Federal University of S\u00e3o [&hellip;]<\/p>\n","protected":false},"author":126,"featured_media":0,"parent":41,"menu_order":0,"comment_status":"closed","ping_status":"closed","template":"","meta":{"ngg_post_thumbnail":0,"footnotes":""},"coauthors":[],"class_list":["post-4183","page","type-page","status-publish","hentry"],"_links":{"self":[{"href":"https:\/\/sintmol.ufms.br\/en\/wp-json\/wp\/v2\/pages\/4183","targetHints":{"allow":["GET"]}}],"collection":[{"href":"https:\/\/sintmol.ufms.br\/en\/wp-json\/wp\/v2\/pages"}],"about":[{"href":"https:\/\/sintmol.ufms.br\/en\/wp-json\/wp\/v2\/types\/page"}],"author":[{"embeddable":true,"href":"https:\/\/sintmol.ufms.br\/en\/wp-json\/wp\/v2\/users\/126"}],"replies":[{"embeddable":true,"href":"https:\/\/sintmol.ufms.br\/en\/wp-json\/wp\/v2\/comments?post=4183"}],"version-history":[{"count":6,"href":"https:\/\/sintmol.ufms.br\/en\/wp-json\/wp\/v2\/pages\/4183\/revisions"}],"predecessor-version":[{"id":4196,"href":"https:\/\/sintmol.ufms.br\/en\/wp-json\/wp\/v2\/pages\/4183\/revisions\/4196"}],"up":[{"embeddable":true,"href":"https:\/\/sintmol.ufms.br\/en\/wp-json\/wp\/v2\/pages\/41"}],"wp:attachment":[{"href":"https:\/\/sintmol.ufms.br\/en\/wp-json\/wp\/v2\/media?parent=4183"}],"wp:term":[{"taxonomy":"author","embeddable":true,"href":"https:\/\/sintmol.ufms.br\/en\/wp-json\/wp\/v2\/coauthors?post=4183"}],"curies":[{"name":"wp","href":"https:\/\/api.w.org\/{rel}","templated":true}]}}