{"id":3074,"date":"2021-06-07T14:24:13","date_gmt":"2021-06-07T18:24:13","guid":{"rendered":"https:\/\/sintmol.ufms.br\/?page_id=3074"},"modified":"2023-03-23T14:30:50","modified_gmt":"2023-03-23T18:30:50","slug":"labcem","status":"publish","type":"page","link":"https:\/\/sintmol.ufms.br\/en\/labcem\/","title":{"rendered":"LabCEM"},"content":{"rendered":"<h1 style=\"text-align: center\"><span style=\"color: #c90e0e;font-family: georgia, palatino, serif;font-size: 36pt\"><strong>LabCEM-CIBSint<\/strong><\/span><\/h1>\n<h1 style=\"text-align: center\"><span style=\"color: #c90e0e;font-family: georgia, palatino, serif\"><strong>Laborat\u00f3rio de Cromatografia e Espectrometria de Massas<\/strong><\/span><\/h1>\n<h2 style=\"text-align: center\"><a href=\"http:\/\/sintmol.ufms.br\/files\/2021\/06\/labcem-1.png\"><img fetchpriority=\"high\" decoding=\"async\" class=\"aligncenter wp-image-3092\" src=\"http:\/\/sintmol.ufms.br\/files\/2021\/06\/labcem-1-300x181.png\" alt=\"\" width=\"500\" height=\"302\" srcset=\"https:\/\/sintmol.ufms.br\/files\/2021\/06\/labcem-1-300x181.png 300w, https:\/\/sintmol.ufms.br\/files\/2021\/06\/labcem-1-150x91.png 150w, https:\/\/sintmol.ufms.br\/files\/2021\/06\/labcem-1-768x464.png 768w, https:\/\/sintmol.ufms.br\/files\/2021\/06\/labcem-1.png 1024w, https:\/\/sintmol.ufms.br\/files\/2021\/06\/labcem-1-530x320.png 530w\" sizes=\"(max-width: 500px) 100vw, 500px\" \/><\/a><\/h2>\n<hr \/>\n<p>Prezado usu\u00e1rio, para solicitar an\u00e1lise de massas e\/ou HPLC \u00e9 necess\u00e1rio o preenchimento dos documentos abaixo<\/p>\n<p>Preencha&nbsp; e envie para o e-mail: <a href=\"mailto:labcem.inqui@gmail.com\">labcem.inqui@gmail.com<\/a><\/p>\n<hr \/>\n<p>&nbsp;<\/p>\n<h3><strong>CG\/MASSAS<\/strong><\/h3>\n<p>Formul\u00e1rio de requisi\u00e7\u00e3o de an\u00e1lise para CG\/massas&nbsp; (doc. word):&nbsp; <a href=\"http:\/\/sintmol.ufms.br\/files\/2022\/05\/reqanalise.doc\">reqanalise<\/a>&nbsp;<\/p>\n<p><span style=\"color: #ff0000\">Se o &#8220;download&#8221; n\u00e3o se processar ao clicar no link, copie o endere\u00e7o abaixo e cole no navegador dando um &#8220;Enter&#8221; logo em seguida.<\/span><\/p>\n<p>http:\/\/sintmol.ufms.br\/files\/2021\/06\/reqanalise.doc<\/p>\n<hr \/>\n<h3><strong>CROMATOGRAFIA L\u00cdQUIDA DE ALTA EFICI\u00caNCIA (CLAE) &#8211; HPLC<\/strong><\/h3>\n<p>Formul\u00e1rio de requisi\u00e7\u00e3o de an\u00e1lise para HPLC (doc. word): <a href=\"http:\/\/sintmol.ufms.br\/files\/2021\/08\/reqanalise-hplc.doc\">reqanalise hplc<\/a><\/p>\n<p><span style=\"color: #ff0000\">Se o &#8220;download&#8221; n\u00e3o se processar ao clicar no link, copie o endere\u00e7o abaixo e cole no navegador dando um &#8220;Enter&#8221; logo em seguida.<\/span><\/p>\n<p>http:\/\/sintmol.ufms.br\/files\/2021\/08\/reqanalise-hplc.doc<\/p>\n<hr \/>\n<h3><strong>POLARIMETRIA<\/strong><\/h3>\n<p>Polarimetria \u00e9 uma t\u00e9cnica importante para o investiga\u00e7\u00e3o e an\u00e1lise de subst\u00e2ncias opticamente ativas. As aplica\u00e7\u00f5es mais comuns incluem:<br \/>\n\u2022 Caracteriza\u00e7\u00e3o de compostos recentemente sintetizados<br \/>\n\u2022 Controle de qualidade de medicamentos<br \/>\n\u2022 An\u00e1lise quantitativa precisa de a\u00e7\u00facares<br \/>\n\u2022 Detec\u00e7\u00e3o seletiva de componentes opticamente ativos por HPLC<br \/>\n\u2022 Monitoramento e controle de rea\u00e7\u00f5es enzim\u00e1ticas<\/p>\n<p>&nbsp;<\/p>\n<p><a href=\"http:\/\/sintmol.ufms.br\/files\/2021\/08\/polarimetro.png\"><img decoding=\"async\" class=\"size-thumbnail wp-image-3191 alignleft\" src=\"http:\/\/sintmol.ufms.br\/files\/2021\/08\/polarimetro-150x72.png\" alt=\"\" width=\"150\" height=\"72\" srcset=\"https:\/\/sintmol.ufms.br\/files\/2021\/08\/polarimetro-150x72.png 150w, https:\/\/sintmol.ufms.br\/files\/2021\/08\/polarimetro-300x144.png 300w, https:\/\/sintmol.ufms.br\/files\/2021\/08\/polarimetro.png 512w\" sizes=\"(max-width: 150px) 100vw, 150px\" \/><\/a><\/p>\n<p>&nbsp;<\/p>\n<p>Polar\u00edmetro Perkin-Elmer, mod. 341<\/p>\n<p>&nbsp;<\/p>\n<p>As an\u00e1lises ser\u00e3o realizadas&nbsp; \u00e0s segundas-feiras das 10:00-17:00h.<\/p>\n<p><a href=\"http:\/\/sintmol.ufms.br\/files\/2022\/05\/Manual_polarimetro.pdf\" target=\"_blank\" rel=\"noopener\">Manual (pr\u00e1tico e resumido) para entrega de amostras para o POLAR\u00cdMETRO<\/a><\/p>\n<p>Agendar com o Mestrando <strong>Patrick Mirowski (LP1)<\/strong> &nbsp;com pelo menos 48 horas de anteced\u00eancia pelo e-mail: &lt;<a href=\"mailto:patrickmirowski@gmail.com\">patrickmirowski@gmail.com<\/a>&gt; WhatsApp: &nbsp;67 99626 9446<\/p>\n<h3>Related Images:<\/h3>","protected":false},"excerpt":{"rendered":"<p>LabCEM-CIBSint Laborat\u00f3rio de Cromatografia e Espectrometria de Massas Prezado usu\u00e1rio, para solicitar an\u00e1lise de massas e\/ou HPLC \u00e9 necess\u00e1rio o preenchimento dos documentos abaixo Preencha&nbsp; e envie para o e-mail: labcem.inqui@gmail.com &nbsp; CG\/MASSAS Formul\u00e1rio de requisi\u00e7\u00e3o de an\u00e1lise para CG\/massas&nbsp; (doc. word):&nbsp; reqanalise&nbsp; Se o &#8220;download&#8221; n\u00e3o se processar ao clicar no link, copie o [&hellip;]<\/p>\n","protected":false},"author":126,"featured_media":3092,"parent":0,"menu_order":0,"comment_status":"closed","ping_status":"closed","template":"page-templates\/full-width.php","meta":{"ngg_post_thumbnail":0,"footnotes":""},"coauthors":[],"class_list":["post-3074","page","type-page","status-publish","has-post-thumbnail","hentry"],"_links":{"self":[{"href":"https:\/\/sintmol.ufms.br\/en\/wp-json\/wp\/v2\/pages\/3074","targetHints":{"allow":["GET"]}}],"collection":[{"href":"https:\/\/sintmol.ufms.br\/en\/wp-json\/wp\/v2\/pages"}],"about":[{"href":"https:\/\/sintmol.ufms.br\/en\/wp-json\/wp\/v2\/types\/page"}],"author":[{"embeddable":true,"href":"https:\/\/sintmol.ufms.br\/en\/wp-json\/wp\/v2\/users\/126"}],"replies":[{"embeddable":true,"href":"https:\/\/sintmol.ufms.br\/en\/wp-json\/wp\/v2\/comments?post=3074"}],"version-history":[{"count":44,"href":"https:\/\/sintmol.ufms.br\/en\/wp-json\/wp\/v2\/pages\/3074\/revisions"}],"predecessor-version":[{"id":3660,"href":"https:\/\/sintmol.ufms.br\/en\/wp-json\/wp\/v2\/pages\/3074\/revisions\/3660"}],"wp:featuredmedia":[{"embeddable":true,"href":"https:\/\/sintmol.ufms.br\/en\/wp-json\/wp\/v2\/media\/3092"}],"wp:attachment":[{"href":"https:\/\/sintmol.ufms.br\/en\/wp-json\/wp\/v2\/media?parent=3074"}],"wp:term":[{"taxonomy":"author","embeddable":true,"href":"https:\/\/sintmol.ufms.br\/en\/wp-json\/wp\/v2\/coauthors?post=3074"}],"curies":[{"name":"wp","href":"https:\/\/api.w.org\/{rel}","templated":true}]}}