{"id":2905,"date":"2020-11-22T13:48:05","date_gmt":"2020-11-22T17:48:05","guid":{"rendered":"https:\/\/sintmol.ufms.br\/?page_id=2905"},"modified":"2022-02-21T10:53:07","modified_gmt":"2022-02-21T14:53:07","slug":"projeto-cpqfina","status":"publish","type":"page","link":"https:\/\/sintmol.ufms.br\/en\/projeto-cpqfina\/","title":{"rendered":"Projeto CPQFina"},"content":{"rendered":"<h1 style=\"text-align: center\">Proposta de cria\u00e7\u00e3o do Centro de Pesquisa e Inova\u00e7\u00e3o em Qu\u00edmica Fina e Biotecnologia &#8211; CPQFina<\/h1>\n<p><a href=\"http:\/\/sintmol.ufms.br\/files\/2020\/11\/Perspectiva.png\"><img fetchpriority=\"high\" decoding=\"async\" class=\"aligncenter size-full wp-image-2913\" src=\"http:\/\/sintmol.ufms.br\/files\/2020\/11\/Perspectiva.png\" alt=\"\" width=\"567\" height=\"224\" srcset=\"https:\/\/sintmol.ufms.br\/files\/2020\/11\/Perspectiva.png 567w, https:\/\/sintmol.ufms.br\/files\/2020\/11\/Perspectiva-150x59.png 150w, https:\/\/sintmol.ufms.br\/files\/2020\/11\/Perspectiva-300x119.png 300w\" sizes=\"(max-width: 567px) 100vw, 567px\" \/><\/a><\/p>\n<p><a href=\"http:\/\/sintmol.ufms.br\/files\/2020\/11\/CPQFina.jpg\"><img decoding=\"async\" class=\" wp-image-2909 aligncenter\" src=\"http:\/\/sintmol.ufms.br\/files\/2020\/11\/CPQFina.jpg\" alt=\"\" width=\"192\" height=\"91\" srcset=\"https:\/\/sintmol.ufms.br\/files\/2020\/11\/CPQFina.jpg 316w, https:\/\/sintmol.ufms.br\/files\/2020\/11\/CPQFina-150x71.jpg 150w, https:\/\/sintmol.ufms.br\/files\/2020\/11\/CPQFina-300x142.jpg 300w\" sizes=\"(max-width: 192px) 100vw, 192px\" \/><\/a><\/p>\n<p style=\"text-align: justify\"><strong>&nbsp;<\/strong>O setor de qu\u00edmica fina \u00e9 respons\u00e1vel por suprir um pa\u00eds com produtos estrat\u00e9gicos para a sa\u00fade e seguran\u00e7a alimentar. A presente proposta \u00e9 sobre a cria\u00e7\u00e3o do \u201cCentro de Pesquisa e Inova\u00e7\u00e3o em Qu\u00edmica Fina e Biotecnologia\u201d (CPQFina), no Instituto de Qu\u00edmica da Universidade Federal de Mato Grosso do Sul (INQUI-UFMS). O CPQFina ter\u00e1 como miss\u00e3o desenvolver m\u00e9todos inovadores de prepara\u00e7\u00e3o de intermedi\u00e1rios de s\u00edntese e princ\u00edpios ativos de medicamentos e agroqu\u00edmicos, com elevada pureza, utilizando preferencialmente mat\u00e9rias-primas brasileiras. Trata-se de um projeto in\u00e9dito e visa aperfei\u00e7oar a intera\u00e7\u00e3o universidade-empresas para tornar o pa\u00eds competitivo no setor de farmoqu\u00edmicos e agroqu\u00edmicos, atrav\u00e9s da pesquisa cient\u00edfica e inova\u00e7\u00e3o. Algumas das metas a serem atingidas pelo CPQFina s\u00e3o: transferir tecnologias para empresas; realizar parcerias com empresas privadas e p\u00fablicas em projetos de desenvolvimento de processos e produtos; realizar consultoria e fornecer suporte t\u00e9cnico-cient\u00edfico para empresas do setor de qu\u00edmica fina; tornar-se geradora de <em>spin-off<\/em> acad\u00eamicas, bem como de <em>startups<\/em>; ser credenciado no EMBRAPII; ser refer\u00eancia nacional\/internacional nas \u00e1reas de qu\u00edmica fina e biotecnologia, no desenvolvimento cient\u00edfico, tecnol\u00f3gico e econ\u00f4mico. Al\u00e9m disso, desempenhar um papel extensionista relevante, com capacidade de prover forma\u00e7\u00e3o e cultura cient\u00edfica na comunidade local, bem como formar recursos humanos espec\u00edficos e altamente especializado para a ind\u00fastria de qu\u00edmica fina, em especial a de farmoqu\u00edmicos. A proposta prev\u00ea a constru\u00e7\u00e3o de um pr\u00e9dio central (750 m<sup>2<\/sup>), um almoxarifado (150 m<sup>2<\/sup>) e um laborat\u00f3rio de recupera\u00e7\u00e3o de solventes e insumos (100 m<sup>2<\/sup>). O Pr\u00e9dio central abrigar\u00e1 o Laborat\u00f3rio de Desenvolvimento, Laborat\u00f3rio de Biotecnologia, Laborat\u00f3rio de An\u00e1lises e Controle de Qualidade e Laborat\u00f3rio de Produ\u00e7\u00e3o (escala pr\u00e9-piloto). Cada divis\u00e3o dever\u00e1 possuir equipamentos necess\u00e1rios para o desenvolvimento das pesquisas e dos processos de s\u00edntese org\u00e2nica em diferentes escalas.<\/p>\n<p>&nbsp;<\/p>\n<p><a href=\"http:\/\/sintmol.ufms.br\/files\/2020\/11\/fine_chemistry_charact.png\"><img decoding=\"async\" class=\"aligncenter size-full wp-image-2924\" src=\"http:\/\/sintmol.ufms.br\/files\/2020\/11\/fine_chemistry_charact.png\" alt=\"\" width=\"566\" height=\"225\" srcset=\"https:\/\/sintmol.ufms.br\/files\/2020\/11\/fine_chemistry_charact.png 566w, https:\/\/sintmol.ufms.br\/files\/2020\/11\/fine_chemistry_charact-150x60.png 150w, https:\/\/sintmol.ufms.br\/files\/2020\/11\/fine_chemistry_charact-300x119.png 300w\" sizes=\"(max-width: 566px) 100vw, 566px\" \/><\/a><\/p>\n<p style=\"text-align: center\"><strong>Figura 1<\/strong>. Caracteriza\u00e7\u00e3o da Qu\u00edmica Fina.<\/p>\n<p>&nbsp;<\/p>\n<p><a href=\"http:\/\/sintmol.ufms.br\/files\/2020\/11\/drug_production.png\"><img loading=\"lazy\" decoding=\"async\" class=\"aligncenter size-full wp-image-2925\" src=\"http:\/\/sintmol.ufms.br\/files\/2020\/11\/drug_production.png\" alt=\"\" width=\"566\" height=\"153\" srcset=\"https:\/\/sintmol.ufms.br\/files\/2020\/11\/drug_production.png 566w, https:\/\/sintmol.ufms.br\/files\/2020\/11\/drug_production-150x41.png 150w, https:\/\/sintmol.ufms.br\/files\/2020\/11\/drug_production-300x81.png 300w\" sizes=\"(max-width: 566px) 100vw, 566px\" \/><\/a><\/p>\n<p style=\"text-align: center\"><strong>Figura 2<\/strong>. Cadeia produtiva de medicamentos.<\/p>\n<p><a href=\"http:\/\/sintmol.ufms.br\/files\/2022\/02\/Proposta_CPQFina_AB_Com-Planta-Baixa.pdf\" target=\"_blank\" rel=\"noopener\">Proposta_CPQFina_AB_Com Planta Baixa<\/a><\/p>\n<h3>Related Images:<\/h3>","protected":false},"excerpt":{"rendered":"<p>Proposta de cria\u00e7\u00e3o do Centro de Pesquisa e Inova\u00e7\u00e3o em Qu\u00edmica Fina e Biotecnologia &#8211; CPQFina &nbsp;O setor de qu\u00edmica fina \u00e9 respons\u00e1vel por suprir um pa\u00eds com produtos estrat\u00e9gicos para a sa\u00fade e seguran\u00e7a alimentar. A presente proposta \u00e9 sobre a cria\u00e7\u00e3o do \u201cCentro de Pesquisa e Inova\u00e7\u00e3o em Qu\u00edmica Fina e Biotecnologia\u201d (CPQFina), [&hellip;]<\/p>\n","protected":false},"author":126,"featured_media":0,"parent":0,"menu_order":0,"comment_status":"closed","ping_status":"closed","template":"","meta":{"ngg_post_thumbnail":0,"footnotes":""},"coauthors":[],"class_list":["post-2905","page","type-page","status-publish","hentry"],"_links":{"self":[{"href":"https:\/\/sintmol.ufms.br\/en\/wp-json\/wp\/v2\/pages\/2905","targetHints":{"allow":["GET"]}}],"collection":[{"href":"https:\/\/sintmol.ufms.br\/en\/wp-json\/wp\/v2\/pages"}],"about":[{"href":"https:\/\/sintmol.ufms.br\/en\/wp-json\/wp\/v2\/types\/page"}],"author":[{"embeddable":true,"href":"https:\/\/sintmol.ufms.br\/en\/wp-json\/wp\/v2\/users\/126"}],"replies":[{"embeddable":true,"href":"https:\/\/sintmol.ufms.br\/en\/wp-json\/wp\/v2\/comments?post=2905"}],"version-history":[{"count":18,"href":"https:\/\/sintmol.ufms.br\/en\/wp-json\/wp\/v2\/pages\/2905\/revisions"}],"predecessor-version":[{"id":3489,"href":"https:\/\/sintmol.ufms.br\/en\/wp-json\/wp\/v2\/pages\/2905\/revisions\/3489"}],"wp:attachment":[{"href":"https:\/\/sintmol.ufms.br\/en\/wp-json\/wp\/v2\/media?parent=2905"}],"wp:term":[{"taxonomy":"author","embeddable":true,"href":"https:\/\/sintmol.ufms.br\/en\/wp-json\/wp\/v2\/coauthors?post=2905"}],"curies":[{"name":"wp","href":"https:\/\/api.w.org\/{rel}","templated":true}]}}