{"id":277,"date":"2012-11-28T18:21:29","date_gmt":"2012-11-28T22:21:29","guid":{"rendered":"http:\/\/sintmol.draconis.ufms.br\/?page_id=277"},"modified":"2026-02-27T11:42:24","modified_gmt":"2026-02-27T15:42:24","slug":"doutorandos","status":"publish","type":"page","link":"https:\/\/sintmol.ufms.br\/en\/equipe\/pos-graduandos\/doutorandos\/","title":{"rendered":"Ph.D. Students"},"content":{"rendered":"<table style=\"height: 253px;width: 100%;border-collapse: collapse\">\n<tbody>\n<tr style=\"height: 157px\">\n<td style=\"width: 45.5471%;text-align: justify;height: 157px\"><a href=\"https:\/\/sintmol.ufms.br\/equipe\/pos-graduandos\/doutorandos\/ih-2\/\" rel=\"attachment wp-att-3442\"><img fetchpriority=\"high\" decoding=\"async\" class=\"aligncenter wp-image-3993 size-medium\" src=\"http:\/\/sintmol.ufms.br\/files\/2024\/10\/ih-1-300x300.png\" alt=\"\" width=\"300\" height=\"300\" srcset=\"https:\/\/sintmol.ufms.br\/files\/2024\/10\/ih-1-300x300.png 300w, https:\/\/sintmol.ufms.br\/files\/2024\/10\/ih-1-150x150.png 150w, https:\/\/sintmol.ufms.br\/files\/2024\/10\/ih-1-320x320.png 320w, https:\/\/sintmol.ufms.br\/files\/2024\/10\/ih-1.png 399w\" sizes=\"(max-width: 300px) 100vw, 300px\" \/><\/a><\/p>\n<p style=\"text-align: center\"><strong>Ivonete Hoss<\/strong>. Development of Synthetic Routes for Cannabigerol Using Batch and Continuous Flow Chemistry Techniques. Starting year: 2024. Chemistry Program.<\/p>\n<\/td>\n<td style=\"width: 220.66%;text-align: center;height: 157px\"><a href=\"https:\/\/sintmol.ufms.br\/equipe\/pos-graduandos\/doutorandos\/danrleyb\/\" rel=\"attachment wp-att-3048\"><img decoding=\"async\" class=\"aligncenter wp-image-3826 size-medium\" src=\"http:\/\/sintmol.ufms.br\/files\/2024\/08\/danrleyb-244x300.jpg\" alt=\"\" width=\"244\" height=\"300\" srcset=\"https:\/\/sintmol.ufms.br\/files\/2024\/08\/danrleyb-244x300.jpg 244w, https:\/\/sintmol.ufms.br\/files\/2024\/08\/danrleyb-122x150.jpg 122w, https:\/\/sintmol.ufms.br\/files\/2024\/08\/danrleyb-260x320.jpg 260w, https:\/\/sintmol.ufms.br\/files\/2024\/08\/danrleyb.jpg 608w\" sizes=\"(max-width: 244px) 100vw, 244px\" \/><\/a><\/p>\n<p><strong>Danrley Ramires dos Santos Borba<\/strong>. Potential for Cannabidiol Production via Heterologous Expression in the Yeast <em>Saccharomyces cerevisiae<\/em>. Starting year: 2024.1. Biotechnology Program.<\/td>\n<\/tr>\n<tr style=\"height: 24px\">\n<td style=\"width: 45.5471%;text-align: justify;height: 24px\"><strong>&nbsp;<\/strong><\/td>\n<td style=\"width: 220.66%;text-align: center;height: 24px\">&nbsp;<\/td>\n<\/tr>\n<tr style=\"height: 24px\">\n<td style=\"width: 45.5471%;text-align: justify;height: 24px\"><a href=\"https:\/\/sintmol.ufms.br\/equipe\/pos-graduandos\/doutorandos\/annab\/\" rel=\"attachment wp-att-3050\"><img decoding=\"async\" class=\"aligncenter wp-image-3828 size-medium\" src=\"http:\/\/sintmol.ufms.br\/files\/2024\/08\/Annab-225x300.jpg\" alt=\"\" width=\"225\" height=\"300\" srcset=\"https:\/\/sintmol.ufms.br\/files\/2024\/08\/Annab-225x300.jpg 225w, https:\/\/sintmol.ufms.br\/files\/2024\/08\/Annab-113x150.jpg 113w, https:\/\/sintmol.ufms.br\/files\/2024\/08\/Annab-240x320.jpg 240w, https:\/\/sintmol.ufms.br\/files\/2024\/08\/Annab.jpg 370w\" sizes=\"(max-width: 225px) 100vw, 225px\" \/><\/a><\/p>\n<p style=\"text-align: center\"><strong>Anna Paula Santos Almeida Rotta<\/strong>. Bioprospecting for New Antibiotics Produced by Fungi of the Genus <em>Fusarium<\/em>. &nbsp;Starting year: 2022. Chemistry Program.<\/p>\n<\/td>\n<td style=\"width: 220.66%;text-align: center;height: 24px\"><a href=\"https:\/\/sintmol.ufms.br\/equipe\/pos-graduandos\/doutorandos\/willianb\/\"><img loading=\"lazy\" decoding=\"async\" class=\"aligncenter wp-image-3832 size-medium\" src=\"http:\/\/sintmol.ufms.br\/files\/2024\/08\/willianb-230x300.jpg\" alt=\"\" width=\"230\" height=\"300\" srcset=\"https:\/\/sintmol.ufms.br\/files\/2024\/08\/willianb-230x300.jpg 230w, https:\/\/sintmol.ufms.br\/files\/2024\/08\/willianb-115x150.jpg 115w, https:\/\/sintmol.ufms.br\/files\/2024\/08\/willianb-246x320.jpg 246w, https:\/\/sintmol.ufms.br\/files\/2024\/08\/willianb.jpg 574w\" sizes=\"(max-width: 230px) 100vw, 230px\" \/><\/a><\/p>\n<p><strong>Willian Ayala Correa.<\/strong>&nbsp; &nbsp;S\u00edntese e determina\u00e7\u00e3o da atividade antimicrobiana de novas cefalosporinas. Starting year: 2020. Chemistry Program.<\/td>\n<\/tr>\n<tr style=\"height: 24px\">\n<td style=\"width: 45.5471%;text-align: justify;height: 24px\"><strong>&nbsp;<\/strong><\/td>\n<td style=\"width: 220.66%;text-align: center;height: 24px\">&nbsp;<\/td>\n<\/tr>\n<tr style=\"height: 24px\">\n<td style=\"width: 45.5471%;text-align: justify;height: 24px\"><a href=\"https:\/\/sintmol.ufms.br\/equipe\/pos-graduandos\/doutorandos\/richardb\/\" rel=\"attachment wp-att-3833\"><img loading=\"lazy\" decoding=\"async\" class=\"aligncenter wp-image-3833 size-medium\" src=\"http:\/\/sintmol.ufms.br\/files\/2024\/08\/richardb-300x300.jpg\" alt=\"\" width=\"300\" height=\"300\" srcset=\"https:\/\/sintmol.ufms.br\/files\/2024\/08\/richardb-300x300.jpg 300w, https:\/\/sintmol.ufms.br\/files\/2024\/08\/richardb-150x150.jpg 150w, https:\/\/sintmol.ufms.br\/files\/2024\/08\/richardb-320x320.jpg 320w, https:\/\/sintmol.ufms.br\/files\/2024\/08\/richardb.jpg 479w\" sizes=\"(max-width: 300px) 100vw, 300px\" \/><\/a><\/p>\n<p style=\"text-align: center\"><strong>Alisson Richard Teixeira Novais<\/strong>. Using Structure-Oriented Diversity Synthesis (DOS) as a Strategy for the Discovery of New Antibacterial and Antiviral Agents. Starting year: 2019. Pharmaceutical Sciences Program.<\/p>\n<\/td>\n<td style=\"width: 220.66%;text-align: center;height: 24px\">&nbsp;<\/td>\n<\/tr>\n<\/tbody>\n<\/table>\n<h5>&nbsp;<\/h5>\n<p>&nbsp;<\/p>\n<h3>Related Images:<\/h3>","protected":false},"excerpt":{"rendered":"<p>Ivonete Hoss. Development of Synthetic Routes for Cannabigerol Using Batch and Continuous Flow Chemistry Techniques. Starting year: 2024. Chemistry Program. Danrley Ramires dos Santos Borba. Potential for Cannabidiol Production via Heterologous Expression in the Yeast Saccharomyces cerevisiae. Starting year: 2024.1. Biotechnology Program. &nbsp; &nbsp; Anna Paula Santos Almeida Rotta. Bioprospecting for New Antibiotics Produced by [&hellip;]<\/p>\n","protected":false},"author":126,"featured_media":0,"parent":87,"menu_order":0,"comment_status":"closed","ping_status":"open","template":"","meta":{"ngg_post_thumbnail":0,"footnotes":""},"coauthors":[19],"class_list":["post-277","page","type-page","status-publish","hentry"],"_links":{"self":[{"href":"https:\/\/sintmol.ufms.br\/en\/wp-json\/wp\/v2\/pages\/277","targetHints":{"allow":["GET"]}}],"collection":[{"href":"https:\/\/sintmol.ufms.br\/en\/wp-json\/wp\/v2\/pages"}],"about":[{"href":"https:\/\/sintmol.ufms.br\/en\/wp-json\/wp\/v2\/types\/page"}],"author":[{"embeddable":true,"href":"https:\/\/sintmol.ufms.br\/en\/wp-json\/wp\/v2\/users\/126"}],"replies":[{"embeddable":true,"href":"https:\/\/sintmol.ufms.br\/en\/wp-json\/wp\/v2\/comments?post=277"}],"version-history":[{"count":168,"href":"https:\/\/sintmol.ufms.br\/en\/wp-json\/wp\/v2\/pages\/277\/revisions"}],"predecessor-version":[{"id":4292,"href":"https:\/\/sintmol.ufms.br\/en\/wp-json\/wp\/v2\/pages\/277\/revisions\/4292"}],"up":[{"embeddable":true,"href":"https:\/\/sintmol.ufms.br\/en\/wp-json\/wp\/v2\/pages\/87"}],"wp:attachment":[{"href":"https:\/\/sintmol.ufms.br\/en\/wp-json\/wp\/v2\/media?parent=277"}],"wp:term":[{"taxonomy":"author","embeddable":true,"href":"https:\/\/sintmol.ufms.br\/en\/wp-json\/wp\/v2\/coauthors?post=277"}],"curies":[{"name":"wp","href":"https:\/\/api.w.org\/{rel}","templated":true}]}}