{"id":2587,"date":"2020-02-12T13:50:15","date_gmt":"2020-02-12T17:50:15","guid":{"rendered":"https:\/\/sintmol.ufms.br\/?page_id=2587"},"modified":"2026-05-12T09:29:11","modified_gmt":"2026-05-12T13:29:11","slug":"umbrella-project-iv-diversity-oriented-synthesis-dos","status":"publish","type":"page","link":"https:\/\/sintmol.ufms.br\/en\/research-and-development\/umbrella-project-iv-diversity-oriented-synthesis-dos\/","title":{"rendered":"Umbrella Project IV"},"content":{"rendered":"<h3 style=\"text-align: center\">Diversity-Oriented Synthesis (DOS)<\/h3>\n<p style=\"text-align: justify\">Althou<a href=\"https:\/\/sintmol.ufms.br\/files\/2020\/02\/DOS.png\"><img decoding=\"async\" class=\"alignleft wp-image-2588 size-medium\" src=\"https:\/\/sintmol.ufms.br\/files\/2020\/02\/DOS-300x297.png\" alt=\"\" width=\"300\" height=\"297\" srcset=\"https:\/\/sintmol.ufms.br\/files\/2020\/02\/DOS-300x297.png 300w, https:\/\/sintmol.ufms.br\/files\/2020\/02\/DOS-150x150.png 150w, https:\/\/sintmol.ufms.br\/files\/2020\/02\/DOS-768x761.png 768w, https:\/\/sintmol.ufms.br\/files\/2020\/02\/DOS-1024x1014.png 1024w, https:\/\/sintmol.ufms.br\/files\/2020\/02\/DOS-323x320.png 323w, https:\/\/sintmol.ufms.br\/files\/2020\/02\/DOS.png 1600w\" sizes=\"(max-width: 300px) 100vw, 300px\" \/><\/a>gh rational planning is widely used in the development of new drugs by research groups, both in industry and academia, it is not the only work strategy. Identifying small molecules that have biological and medical applications does not always require knowledge about the macromolecule on which the compound will act. The biological evaluation of compounds in cells and even in microorganisms can also be of great value and enlightening. However, in order to achieve good results in evaluating the potential of these small molecules, it is necessary that they be part of a quite diverse collection regarding their structural variations. Compound libraries designed using combinatorial chemistry (target-oriented synthesis) are rarely effective when the structure of the target protein is unknown, and this is due to the low diversity found in these libraries [1, 2]. Recently, some research groups have explored novel approaches based on modifying a given structure to generate molecular diversity with spectacular results [3-6]. Given the novelty of this strategy, in this project we are interested in discovering new antimicrobial agents (antibacterial, antifungal, antivirus) by screening small molecules with high structural diversity based on the Diels-Alder adduct tricyclo [6.2.1.0<sup>2,7<\/sup>]-undeca-4,9-diene-3,6-dione (<strong>1<\/strong>), obtained from the reaction between cyclopentadiene and <em>para<\/em>-benzoquinone. In order to obtain a library of these molecules, we are proposing to use diversity-oriented synthesis (DOS) as a strategy [2]. The proposal seeks to synthesize at least nine distinct molecular skeletons from this raw material, which corresponds to the reagent-based approach (i.e., common starting material and different reagents). Therefore, several reagents will be used to promote 1,3-dipolar cycloadditions, additions, reductions and cyclizations, molecular rearrangements, ring expansions, etc. From these different molecular skeletons, it will be possible to attain a hundred new organic compounds with four types of molecular diversity incorporated into their structures: i) diversity of substituents; ii) diversity of functional groups; iii) stereochemical diversity; and iv) diversity of molecular skeletons.<\/p>\n<p><strong>References:<\/strong><\/p>\n[1] Sangi, D. P. <a href=\"https:\/\/doi.org\/10.5935\/0100-4042.20160089\" target=\"_blank\" rel=\"noopener\"><em>Quim. Nova<\/em> <strong>2016<\/strong>,<em> 39<\/em>, 995<\/a>.<\/p>\n[2] Schreiber, S. L. <a href=\"https:\/\/doi.org\/10.1126\/science.287.5460.1964\" target=\"_blank\" rel=\"noopener\"><em>Science<\/em><strong> 2000<\/strong>, <em>287<\/em>, 1964.<\/a>&nbsp;<\/p>\n[3] Llabani, E.; Hicklin, R. W.; Lee, H. Y. et al. <a href=\"https:\/\/doi.org\/10.1038\/s41557-019-0261-6\" target=\"_blank\" rel=\"noopener\"><em>Nature Chem.<\/em> <strong>2019<\/strong>, 11, 521<\/a>.<\/p>\n[4] Kato, N.; Comer, E.; Sakata-Kato, T. <i>et al. <\/i>&nbsp;<a href=\"https:\/\/doi.org\/10.1038\/nature19804\" target=\"_blank\" rel=\"noopener\"><i>Nature<\/i> <strong>2016<\/strong>, <em>538,<\/em>344.<\/a>&nbsp;<\/p>\n[5] Morrison, K. C.; Hergenrother, P. J.&nbsp; &nbsp;<a href=\"https:\/\/doi.org\/10.1039\/C3NP70063A\" target=\"_blank\" rel=\"noopener\"><i>Nat. Prod. Rep<strong>.<\/strong><\/i><strong> 2014<\/strong><em>,&nbsp;31<\/em>, 6<\/a>.<\/p>\n[6] Huigens III, R. W.; Morrison, K. C.; Hicklin, R. <i>et al.<\/i> &nbsp;<a href=\"https:\/\/doi.org\/10.1038\/nchem.1549\" target=\"_blank\" rel=\"noopener\"><i>Nature Chem. <\/i><strong>2013<\/strong><i>,<\/i><em>&nbsp;5<\/em><b>,&nbsp;<\/b>195.<\/a><\/p>\n<hr \/>\n<p><strong>Selected Publications<\/strong><\/p>\n<ul>\n<li style=\"text-align: justify\">Alisson Richard Novais; Alisson Meza; D\u00eanis Pires de Lima; Adilson Beatriz. Using Diversity Oriented Synthesis (DOS) as a Strategy for the Discovery of New GPCR ligands. In: 44\u00aa REUNI\u00c3O ANUAL VIRTUAL DA SBQ, 2021, Online. Anais eletr\u00f4nicos&#8230; Campinas, Galo\u00e1, 2021. Available: <a href=\"https:\/\/proceedings.science\/rasbq-2021\/papers\/using-diversity-oriented-synthesis--dos--as-a-strategy-for-the-discovery-of-new-gpcr-ligands\" target=\"_blank\" rel=\"noopener\">https:\/\/proceedings.science\/rasbq-2021\/papers\/using-diversity-oriented-synthesis&#8211;dos&#8211;as-a-strategy-for-the-discovery-of-new-gpcr-ligands.<\/a><\/li>\n<li style=\"text-align: justify\">Beatriz, A; Gomes, R. S. ; Constantino, M. G. ; da Silva, G. V. J.; de Oliveira, K. T. Synthesis of the Bicyclo[6.2.1]undecane Ring System by a Solvent-free Diels-Alder Reaction. <a href=\"http:\/\/dx.doi.org\/10.1016\/j.tetlet.2013.11.114\" target=\"_blank\" rel=\"noopener\"><em>Tetrahedron Lett.<\/em> <strong>2014<\/strong>, <em>55<\/em>, 679.<\/a><\/li>\n<li style=\"text-align: justify\">Salles, R. C. ; Lacerda Jr, V. et al. GIAO chemical shifts calculations of some polycyclic cage compounds: Unambiguous assignment of NMR signals and stereoisomers. <a href=\"http:\/\/dx.doi.org\/10.1016\/j.molstruc.2011.10.045\" target=\"_blank\" rel=\"noopener\"><em>Journal of Molecular Structure<\/em> <strong>2011<\/strong>, 1<em>007<\/em>, 191.<\/a><\/li>\n<li style=\"text-align: justify\">Salles, R. C. ; Lacerda Jr, V. et al. <sup>1<\/sup>H and <sup>13<\/sup>C NMR spectral data of bioactive cage-like polycyclic compounds. <a href=\"http:\/\/dx.doi.org\/10.1002\/mrc.2588\" target=\"_blank\" rel=\"noopener\"><em>Magnetic Resonance in Chemistry<\/em> <strong>2010<\/strong>, <em>48<\/em>, 409.<\/a><\/li>\n<li style=\"text-align: justify\">Ito, F. M.; Mena, A. E. M. et al. Biotransformation of a cage-like diels-alder adduct and derivatives by <em>Mucor ramosissimus<\/em> samutsevitsch. <a href=\"http:\/\/dx.doi.org\/10.1590\/S1517-83822009000300019\" target=\"_blank\" rel=\"noopener\"><em>Brazilian Journal of Microbiology<\/em> <strong>2009<\/strong>, <em>40<\/em>, 563.<\/a><\/li>\n<li style=\"text-align: justify\">Ito, F. M.; Petroni, J. M.; Beatriz, A. et al. Synthesis and Biological Evaluation of Rigid Polycyclic Derivatives of the Diels-Alder Adduct Tricyclo[6.2.1.0<sup>2,7<\/sup>]undeca-4,9-dien-3,6-dione. <a href=\"http:\/\/dx.doi.org\/10.3390\/12020271\" target=\"_blank\" rel=\"noopener\"><em>Molecules<\/em> <strong>2007<\/strong>, <em>12<\/em>, 271.<\/a><\/li>\n<li>Ito, F. M.; Copini, S. et al.&nbsp;Determination of the absolute configuration of 6 -Hydroxitricyclo[ 6.2.1.0<sup>2,7<\/sup>]undeca-9-ene-3-one by chemical correlation. In: <a href=\"http:\/\/dx.doi.org\/10.5151\/chempro-15bmos-BMOS2013_2013911212616\" target=\"_blank\" rel=\"noopener\">15th BMOS Brazilian Meeting on Organic Synthesis, 2013, 1, p. 208-208.<\/a><\/li>\n<li>Braga, F. C.;&nbsp; de Lima, D. P.; Beatriz, A.; Ito, F. M. Studies on the Diels-Alder adduct from cyclopentadiene and <em>p<\/em>-benzoquinone: Biotransformation, enantiomeric excess and absolute configuration.<a href=\"http:\/\/orbital.ufms.br\/index.php\/Chemistry\/article\/view\/370\" target=\"_blank\" rel=\"noopener\"><em> Orbital: Electron. J. Chem. <\/em><strong>2012<\/strong><em>, 4 (suppl. 1), 65.<\/em><\/a><\/li>\n<li>Copini, S.; Ito, F. M.; Ungari, C. C.; de Lima, D. P.; Gomes, R. S.; Beatriz, A. Development of new chiral auxiliary from the Diels-Alder adduct <em>endo<\/em>-tricyclo[6.2.1.0<sup>2,7<\/sup>] undeca-4 ,9-dien-3 ,6-dione. <a href=\"http:\/\/orbital.ufms.br\/index.php\/Chemistry\/article\/view\/350\" target=\"_blank\" rel=\"noopener\"><em>Orbital: Electron. J. Chem. <\/em><strong>2012<\/strong><em>, 4 (suppl. 1), 25.<\/em><\/a><\/li>\n<\/ul>\n\n<h3>Related Images:<\/h3>","protected":false},"excerpt":{"rendered":"<p>Diversity-Oriented Synthesis (DOS) Although rational planning is widely used in the development of new drugs by research groups, both in industry and academia, it is not the only work strategy. Identifying small molecules that have biological and medical applications does not always require knowledge about the macromolecule on which the compound will act. The biological [&hellip;]<\/p>\n","protected":false},"author":126,"featured_media":0,"parent":3315,"menu_order":0,"comment_status":"closed","ping_status":"closed","template":"","meta":{"ngg_post_thumbnail":0,"footnotes":""},"coauthors":[19],"class_list":["post-2587","page","type-page","status-publish","hentry"],"_links":{"self":[{"href":"https:\/\/sintmol.ufms.br\/en\/wp-json\/wp\/v2\/pages\/2587","targetHints":{"allow":["GET"]}}],"collection":[{"href":"https:\/\/sintmol.ufms.br\/en\/wp-json\/wp\/v2\/pages"}],"about":[{"href":"https:\/\/sintmol.ufms.br\/en\/wp-json\/wp\/v2\/types\/page"}],"author":[{"embeddable":true,"href":"https:\/\/sintmol.ufms.br\/en\/wp-json\/wp\/v2\/users\/126"}],"replies":[{"embeddable":true,"href":"https:\/\/sintmol.ufms.br\/en\/wp-json\/wp\/v2\/comments?post=2587"}],"version-history":[{"count":30,"href":"https:\/\/sintmol.ufms.br\/en\/wp-json\/wp\/v2\/pages\/2587\/revisions"}],"predecessor-version":[{"id":4360,"href":"https:\/\/sintmol.ufms.br\/en\/wp-json\/wp\/v2\/pages\/2587\/revisions\/4360"}],"up":[{"embeddable":true,"href":"https:\/\/sintmol.ufms.br\/en\/wp-json\/wp\/v2\/pages\/3315"}],"wp:attachment":[{"href":"https:\/\/sintmol.ufms.br\/en\/wp-json\/wp\/v2\/media?parent=2587"}],"wp:term":[{"taxonomy":"author","embeddable":true,"href":"https:\/\/sintmol.ufms.br\/en\/wp-json\/wp\/v2\/coauthors?post=2587"}],"curies":[{"name":"wp","href":"https:\/\/api.w.org\/{rel}","templated":true}]}}