{"id":2147,"date":"2018-01-07T00:21:35","date_gmt":"2018-01-07T04:21:35","guid":{"rendered":"http:\/\/sintmol.draconis.ufms.br\/?page_id=2147"},"modified":"2021-06-30T12:49:18","modified_gmt":"2021-06-30T16:49:18","slug":"umbrella-project-iii","status":"publish","type":"page","link":"https:\/\/sintmol.ufms.br\/en\/equipe\/docentes\/prof-adilson-beatriz\/umbrella-project-iii\/","title":{"rendered":"Umbrella Project III"},"content":{"rendered":"<h3 style=\"text-align: center\">Synthesis of Natural Products&nbsp;and their Synthetic Analogs<\/h3>\n<hr \/>\n<h3 style=\"text-align: left\"><strong>Ongoing projects<\/strong><\/h3>\n<h5 style=\"text-align: center\"><em><strong>1.&nbsp; Study of bioactive butanolides\u2019 synthesis through Morita-Baylis-Hillman reaction<\/strong><\/em><\/h5>\n<p style=\"text-align: justify\">Molecules containing the butanolide moiety are a class of compounds that have been extensively mentioned in the literature for its biological activities. These are composed of <span style=\"font-family: symbol\">g<\/span>-lactones originated from the 4-hidroxybutanoic acid and are frequently found in plants of the family <em>Lauracea<\/em>, including <em>Lindera glauca, Lindera abtusilaba, Clinosteman mahuba, Actinodophe loncifalia, <\/em>just to name a few. Several biological applications have been studied, such as antimicobacterial activity against <em>M. tuberculosis <\/em>H<sub>37<\/sub>R<sub>v<\/sub> and cytotoxic activity against the cancer cell lines P388, A549 and Ht-29 and Hep<sub>2<\/sub>, showing its genotoxic activity.&nbsp;Since most of the mentioned butanolides are comprised of <span style=\"font-family: symbol\">g<\/span>-lactones ring containing long alkyl side chains \u03b1 positioned to the ester carbonyl, a synthetic rout was devised to provide known compounds through total synthesis, using fast, efficient and green conditions, such as the Morita-Baylis-Hillman reaction.<\/p>\n<p style=\"text-align: justify\">In order to obtain the desired butanolides, we aim to use starting materials that are cheap and commercially accessible or industrial residues, more specifically; D-mannitol and glycerol. D-mannitol has the advantage of being a naturally occurring chiral compound, resulting in separable butanolide diastereomers, whilst glycerol is a renewable and versatile scaffold (Fig. 1).<\/p>\n<p style=\"text-align: center\"><a href=\"http:\/\/sintmol.draconis.ufms.br\/files\/2018\/01\/butanolides.png\"><img fetchpriority=\"high\" decoding=\"async\" class=\"aligncenter wp-image-2262 \" src=\"http:\/\/sintmol.draconis.ufms.br\/files\/2018\/01\/butanolides-1024x763.png\" alt=\"\" width=\"617\" height=\"460\" srcset=\"https:\/\/sintmol.ufms.br\/files\/2018\/01\/butanolides-1024x763.png 1024w, https:\/\/sintmol.ufms.br\/files\/2018\/01\/butanolides-150x112.png 150w, https:\/\/sintmol.ufms.br\/files\/2018\/01\/butanolides-300x224.png 300w, https:\/\/sintmol.ufms.br\/files\/2018\/01\/butanolides-768x573.png 768w, https:\/\/sintmol.ufms.br\/files\/2018\/01\/butanolides-429x320.png 429w\" sizes=\"(max-width: 617px) 100vw, 617px\" \/><\/a><\/p>\n<p style=\"text-align: center\">Fig. 1. Retrosynthetic analysis of&nbsp;&nbsp;butanolides.<\/p>\n<hr \/>\n<h5 style=\"text-align: center\"><em>2. Synthesis and biological activities of cytosporones and analogs<\/em><\/h5>\n<p style=\"text-align: justify\">Phenolic lipids constitute a class of bioactive compounds comprising molecules having hydrophobic tails linked to a phenolic polar head, widely distributed in nature, with great variety of biological and industrial potential. The cytosporones (Fig. 2), which are octaketide phenolic lipids, have been attracting the attention of many researchers owing to their biological potential, such as fungicidal, allelopathic, bactericidal and, cytotoxic activities.&nbsp;Recently, some new similar octaketides were isolated and a few synthetic approaches are reported in the literature. Many results point out that cytosporones are potential molecules to develop promising pharmaceutical and agrochemical agents.&nbsp;<\/p>\n<p style=\"text-align: justify\">As&nbsp;one more result of our phenolic lipids\u2019 project, we&nbsp;performed the total synthesis of cytosporones A, B and C in just one synthetic route with excellent yields.&nbsp;Recently, also two new bioactive synthetic cytosporones, AMS049 (8) and AMS35AA (9), were synthesized by our research group from phthalide 10.<\/p>\n<p style=\"text-align: center\"><a href=\"http:\/\/sintmol.draconis.ufms.br\/files\/2018\/01\/untitled.png\"><img decoding=\"async\" class=\"aligncenter wp-image-2223 \" src=\"http:\/\/sintmol.draconis.ufms.br\/files\/2018\/01\/untitled-1024x604.png\" alt=\"\" width=\"629\" height=\"371\" srcset=\"https:\/\/sintmol.ufms.br\/files\/2018\/01\/untitled-1024x604.png 1024w, https:\/\/sintmol.ufms.br\/files\/2018\/01\/untitled-150x89.png 150w, https:\/\/sintmol.ufms.br\/files\/2018\/01\/untitled-300x177.png 300w, https:\/\/sintmol.ufms.br\/files\/2018\/01\/untitled-768x453.png 768w, https:\/\/sintmol.ufms.br\/files\/2018\/01\/untitled-542x320.png 542w\" sizes=\"(max-width: 629px) 100vw, 629px\" \/><\/a><\/p>\n<p style=\"text-align: center\">Fig. 2. Molecular structures of cytosporones A \u2013 E and synthetic analogs 6 \u2013 10.<\/p>\n<hr \/>\n<p><strong>Selected Publications<\/strong><\/p>\n<ul>\n<li>Vitor, N.; De Souza, A. M. ; Rafique, J.; Gomes, R. S. ; De Lima, D. P. ; Beatriz, A.<a href=\"https:\/\/doi.org\/10.1590\/0001-3765202120201347\" target=\"_blank\" rel=\"noopener noreferrer\">&nbsp; Straightforward synthesis of cytosporone analogs AMS35AA and AMS35BB.&nbsp;<em> Anais da Academia Brasileira de Ci\u00eancias<\/em>, <strong>2021,<\/strong> <em>93<\/em>, e20201347.<\/a><\/li>\n<li>dos Santos, D. S.; Meza, A.; Gomes, R. D.; de Lima, D. P.; Beatriz, A.&nbsp;<a href=\"http:\/\/dx.doi.org\/10.17807\/orbital.v12i2.237\" target=\"_blank\" rel=\"noopener noreferrer\">A Straightforward Method for Synthesizing Bioactive Resorcinolic Lipid Analogues.&nbsp;<em>Orbital: Electron. J. Chem<\/em>.&nbsp;<strong>2020<\/strong>.<\/a><\/li>\n<li style=\"text-align: justify\">de Ara\u00fajo, F. GH. S.; de Figueiredo, D. R.; Auharek, S. A; Pesarini, J. R.; Meza, A.; Gomes, R. S.; Monreal, A. C. D.; Antoniolli-Silva, A. C. M. B.; de Lima, D. P.; Kassuya, C. A. L.; Beatriz, A.; Oliveira, R. J.&nbsp;<a href=\"http:\/\/dx.doi.org\/10.1590\/1678-4685-gmb-2016-0316\" target=\"_blank\" rel=\"noopener noreferrer\"><strong>In vivo Chemotherapeutic Insight of a Novel Isocoumarin (3-hexyl-5,7-dimethoxy-isochromen-1-one): Genotoxicity, cell death induction, leukometry and phagocytic evaluation<\/strong><\/a>.&nbsp;<em>Genetics and Molecular Biology<\/em>, 2017, 40, 665-675.<\/li>\n<li style=\"text-align: justify\">Meza, A.; dos Santos, E. dos A.; Gomes, R. S. ; De Lima, D. P. ; Beatriz, A.&nbsp;<strong><a href=\"http:\/\/benthamscience.com\/journals\/current-organic-synthesis\/volume\/12\/issue\/5\/page\/618\/\" target=\"_blank\" rel=\"noopener noreferrer\">Cytosporones: Isolation, Synthesis and Biological Activities of a Promising Class of Phenolic Lipids<\/a><\/strong>.&nbsp;<em>Current Organic Synthesis<\/em>, 2015,&nbsp;12&nbsp;(5): 618-638.<\/li>\n<li style=\"text-align: justify\">Oliveira, R. J.; Navarro, S. D.; De Lima, D. P.; Meza, A.; Pesarini, J. R.; Gomes, R. S.; Karaziack, C. B.; Mauro, M. O.; Cunha-Laura, A. L.; Monreal, A. C. D.; Rom\u00e3o, W.; Lacerda J\u00fanior, V.; Beatriz, A.&nbsp;<strong><a href=\"http:\/\/www.biomedcentral.com\/1471-2407\/15\/561\" target=\"_blank\" rel=\"noopener noreferrer\">A novel cytosporone 3-Heptyl-4,6-dihydroxy-3H-isobenzofuran-1-one: synthesis; toxicological, apoptotic and immunomodulatory properties; and potentiation of mutagenic damage<\/a><\/strong>.&nbsp;<em>BMC Cancer<\/em>, 2015, 561, 1-15.<\/li>\n<li style=\"text-align: justify\">Navarro, S. D.; Beatriz, A.; Meza, A.; Pesarini, J. R.; Gomes, R. S.; Karaziack, C. B.; Laura, A. L. C.; Monreal, A. C. D.; Rom\u00e3o, W.; Lacerda Junior, V.; Mauro, M. O.; Oliveira, R. J.&nbsp;<a href=\"http:\/\/dx.doi.org\/10.1016\/j.ejmech.2014.01.057\" target=\"_blank\" rel=\"noopener noreferrer\"><strong>A new synthetic resorcinolic lipid 3-Heptyl-3,4,6-trimethoxy-3H-isobenzofuran-1-one: evaluation of toxicology and ability to potentiate the mutagenic and apoptotic effects of cyclophosphamide<\/strong><\/a>.&nbsp;<em>European Journal of Medicinal Chemistry<\/em>, p. 132-142, 2014.<\/li>\n<li style=\"text-align: justify\">Zamberlam, C. E. M.; Meza, A.; Leite, C. B.; Marques, M. R.; de Lima, D. P.; Beatriz, A.&nbsp;<a href=\"http:\/\/dx.doi.org\/10.1590\/S0103-50532012000100018\" target=\"_blank\" rel=\"noopener noreferrer\"><strong>Total synthesis and allelopathic activity of cytosporones A-C<\/strong><\/a>.&nbsp;<em>Journal of the Brazilian Chemical Society<\/em>, v. 23, p. 124-131, 2012.<\/li>\n<li style=\"text-align: justify\">Beatriz, A.; de Lima, D. P.; Meza, A.; Karaziack, K. B.; Oliveira, R. J.<strong><a href=\"http:\/\/sintmol.draconis.ufms.br\/files\/2012\/11\/Publica%C3%A7%C3%A3o_-BR-102015010539-8-A2.pdf\" target=\"_blank\" rel=\"noopener noreferrer\"> Processo de S\u00edntese de Nova Citosporona e An\u00e1logos e suas Aplica\u00e7\u00f5es como Adjuvantes na Terapia contra o C\u00e2ncer, Potencializando os Efeitos da Ciclofosfamida. \u2013<\/a>&nbsp;<\/strong><strong><a href=\"http:\/\/sintmol.draconis.ufms.br\/files\/2012\/11\/Publica%C3%A7%C3%A3o_-BR-102015010539-8-A2.pdf\" target=\"_blank\" rel=\"noopener noreferrer\">Patent Nr. BR 102015010539-8 A2<\/a><\/strong><\/li>\n<\/ul>\n<h3>Related Images:<\/h3>","protected":false},"excerpt":{"rendered":"<p>Synthesis of Natural Products&nbsp;and their Synthetic Analogs Ongoing projects 1.&nbsp; Study of bioactive butanolides\u2019 synthesis through Morita-Baylis-Hillman reaction Molecules containing the butanolide moiety are a class of compounds that have been extensively mentioned in the literature for its biological activities. These are composed of g-lactones originated from the 4-hidroxybutanoic acid and are frequently found in [&hellip;]<\/p>\n","protected":false},"author":126,"featured_media":0,"parent":7,"menu_order":0,"comment_status":"closed","ping_status":"closed","template":"","meta":{"ngg_post_thumbnail":0,"footnotes":""},"coauthors":[],"class_list":["post-2147","page","type-page","status-publish","hentry"],"_links":{"self":[{"href":"https:\/\/sintmol.ufms.br\/en\/wp-json\/wp\/v2\/pages\/2147","targetHints":{"allow":["GET"]}}],"collection":[{"href":"https:\/\/sintmol.ufms.br\/en\/wp-json\/wp\/v2\/pages"}],"about":[{"href":"https:\/\/sintmol.ufms.br\/en\/wp-json\/wp\/v2\/types\/page"}],"author":[{"embeddable":true,"href":"https:\/\/sintmol.ufms.br\/en\/wp-json\/wp\/v2\/users\/126"}],"replies":[{"embeddable":true,"href":"https:\/\/sintmol.ufms.br\/en\/wp-json\/wp\/v2\/comments?post=2147"}],"version-history":[{"count":38,"href":"https:\/\/sintmol.ufms.br\/en\/wp-json\/wp\/v2\/pages\/2147\/revisions"}],"predecessor-version":[{"id":3115,"href":"https:\/\/sintmol.ufms.br\/en\/wp-json\/wp\/v2\/pages\/2147\/revisions\/3115"}],"up":[{"embeddable":true,"href":"https:\/\/sintmol.ufms.br\/en\/wp-json\/wp\/v2\/pages\/7"}],"wp:attachment":[{"href":"https:\/\/sintmol.ufms.br\/en\/wp-json\/wp\/v2\/media?parent=2147"}],"wp:term":[{"taxonomy":"author","embeddable":true,"href":"https:\/\/sintmol.ufms.br\/en\/wp-json\/wp\/v2\/coauthors?post=2147"}],"curies":[{"name":"wp","href":"https:\/\/api.w.org\/{rel}","templated":true}]}}