{"id":212,"date":"2012-11-27T19:57:12","date_gmt":"2012-11-27T23:57:12","guid":{"rendered":"http:\/\/sintmol.draconis.ufms.br\/?page_id=212"},"modified":"2024-09-10T10:03:43","modified_gmt":"2024-09-10T14:03:43","slug":"artigos-cientificos","status":"publish","type":"page","link":"https:\/\/sintmol.ufms.br\/en\/publicacoes\/artigos-cientificos\/","title":{"rendered":"Articles"},"content":{"rendered":"<h4 style=\"text-align: justify\">Last 5 years<\/h4>\n<ol>\n<li>Pinto, I. B.; Mantovani, C.; de Borba, D. R. dos S.; Salina, G. B.; de Lima, D. P.; Beatriz, A. <a href=\"https:\/\/doi.org\/10.17807\/orbital.v16i2.21274\" target=\"_blank\" rel=\"noopener\">Insights of Cannabinoid CBD: The Pharmacological Potential and Heterologous Expression.&nbsp;<i>Orbital: Electron. J. Chem.<\/i>&nbsp;<b>2024<\/b>,&nbsp;<i>16<\/i>, 111-118.<\/a><\/li>\n<li>Cezar, R. D. ; Silva, A. O.; Lopes, R. S.; Nakamura, C. V.; Rodrigues, J. H. S.; Louren\u00e7o, E. M. G.; Saba, S.; Beatriz, A.; Rafique, J.; de Lima,&nbsp; D. P. <a href=\"http:\/\/dx.doi.org\/10.1590\/0001-3765202420230375\" target=\"_blank\" rel=\"noopener\">Design, synthesis and identification of novel molecular hybrids based on naphthoquinone aromatic hydrazides as potential trypanocide and leishmanicidal agents. <em>An. Acad. Bras. Cienc.<\/em> <strong>2024<\/strong>, <em>96<\/em>, e20230375.<\/a><\/li>\n<li>Correa, W. A. et al. <a href=\"https:\/\/doi.org\/10.1021\/acs.chemrestox.3c00269\" target=\"_blank\" rel=\"noopener\">Chemotherapeutic Mechanism of Action of the Synthetic Resorcinolic Methyl 3,5-dimethoxy-2-octanoylbenzoate. <span class=\"cit-title\"><i>Chem. Res. Toxicol.<\/i><\/span>&nbsp;<span class=\"cit-year-info\">2024<\/span><span class=\"cit-volume\">, &nbsp;37<span class=\"cit-issue\">, 2<\/span><span class=\"cit-pageRange\">, 259\u2013273<\/span><\/span><\/a><span class=\"cit-pageRange\">.<\/span><\/li>\n<li style=\"text-align: justify\">Louren\u00e7o, E. M. G. at al. <a href=\"https:\/\/doi.org\/10.1021\/acsinfecdis.3c00336\" target=\"_blank\" rel=\"noopener\">Investigation of the Potential Targets behind the Promising and Highly Selective Antileishmanial Action of Synthetic Flavonoid Derivatives. <em>ACS Infect. Dis.<\/em> <strong>2023<\/strong>, 9, 10, 2048-2061.<\/a><\/li>\n<li style=\"text-align: justify\">Das Neves, S. C. et al. <a href=\"http:\/\/dx.doi.org\/10.3390\/molecules28031044\" target=\"_blank\" rel=\"noopener\">3-Heptylidene-4,6-Dimethoxy-3H-Isobenzofuran-1-One Is Genotoxic, Increases the Frequency of Cell Death, and Potentiates the Effects of Cyclophosphamide and Cisplatin. Molecules 2023, 28, 1044.<\/a><\/li>\n<li style=\"text-align: justify\">Louren\u00e7o, E. M. G.; Di I\u00f3rio, J. F.; da Silva, F.; Fialho, F. L. B.; Monteiro, M. M.; Beatriz, A.; Perdomo, R. T.; Barboza, E. G.; Oses, J. P.; de Arruda, C. C. P.; de Souza, W. A. J.; Rafique, J.; de Lima, D. P. <a href=\"https:\/\/doi.org\/10.3390\/microorganisms11010225\" target=\"_blank\" rel=\"noopener\">Flavonoid Derivatives as New Potent Inhibitors of Cysteine Proteases: An Important Step toward the Design of New Compounds for the Treatment of Leishmaniasis. <em>Microorganisms <\/em><strong>2023<\/strong>, <em>11<\/em>, 225<\/a>.<\/li>\n<li style=\"text-align: justify\">Braga, F.; Rafique, J.; Gomes, R. S.; de Lima, D. P.; Beatriz, A. <a href=\"https:\/\/doi.org\/10.1016\/j.scp.2022.100925\" target=\"_blank\" rel=\"noopener\">In Water Morita-Baylis-Hillman Reactions of Acrylates Enabled by Aqueous Micellar Catalysis using TPGS-750M. <em>Sustainable Chemistry and Pharmacy<\/em>, <strong>2023<\/strong>, <em>31<\/em>, 100925.<\/a><\/li>\n<li style=\"text-align: justify\">Braga, F.; Ojeda, M.; Perdomo, R. T.; de Albuquerque, S.; Rafique, J.; de Lima, D. P.; Beatriz, A. <a href=\"https:\/\/doi.org\/10.1016\/j.scp.2021.100408\" target=\"_blank\" rel=\"noopener noreferrer\"><strong>Synthesis of cardanol-based 1,2,3-triazoles as potential green agents against neoplastic cells.<\/strong> <em>Sustainable Chemistry and Pharmacy<\/em>, <strong>2021, <\/strong><em>20<\/em>, 100408.<\/a><\/li>\n<li style=\"text-align: justify\">Vitor, N.; De Souza, A. M. ; Rafique, J.; Gomes, R. S. ; De Lima, D. P. ; Beatriz, A.<a href=\"https:\/\/doi.org\/10.1590\/0001-3765202120201347\" target=\"_blank\" rel=\"noopener noreferrer\">&nbsp; <strong>Straightforward synthesis of cytosporone analogs AMS35AA and AMS35BB<\/strong>.&nbsp;<em> Anais da Academia Brasileira de Ci\u00eancias<\/em>, <strong>2021,<\/strong> <em>93<\/em>, e20201347.<\/a><\/li>\n<li style=\"text-align: justify\">Oliveira, R. J.; Cunha-Laura, A.L.; Gon\u00e7alves, C. A.; Monreal, A. C. D.; Sampaio, D.; Meza, A.; de Lima, D. P.; Beatriz, A.; Amaral, E. A.; Auharek, S. A. <a href=\"http:\/\/dx.doi.org\/10.1111\/and.13622\" target=\"_blank\" rel=\"noopener noreferrer\"><strong>Effects of 3 Heptyl 3,4,6 trimethoxy 3H isobenzofuran 1 one alone or\/in association with cyclophosphamide on testicular function<\/strong>. ANDROLOGIA, 2020.<\/a><\/li>\n<li style=\"text-align: justify\">James M.Wood, Nishikant S. Satam, Renata G. Almeida, Vinicius S. Cristani, D\u00eanis P. Lima, Luiza D. Pereira, Kelly Salom\u00e3o, Rubem F. S. Menna-Barreto, Irishi N.N.Namboothiri, John F. Bower, Eufr\u00e2nio N. da Silva J\u00fanior. <a href=\"https:\/\/doi.org\/10.1016\/j.bmc.2020.115565\" target=\"_blank\" rel=\"noopener noreferrer\"><strong>Strategies towards potent trypanocidal drugs: application of Rh-catalyzed [2+2+2] cycloadditions, sulfonyl phthalide annulation and nitroalkene reactions for the synthesis of substituted quinones and their evaluation against Trypanosoma cruzi<\/strong>. <em>Bioorg. Med. Chem.<\/em> <strong>2020<\/strong>. <\/a><\/li>\n<li style=\"text-align: justify\">Vaijinath Mane, Sudheesh Sivanandan, Rafael Santana, Adilson Beatriz, Eufr\u00e2nio Nunes da Silva J\u00fanior, and Irishi N. N. Namboothiri.<a href=\"https:\/\/doi.org\/10.1021\/acs.joc.0c00606\" target=\"_blank\" rel=\"noopener noreferrer\">&nbsp; <strong>Synthesis of Densely Substituted Sulfonylfurans and Dihydrofurans via Cascade Reactions of \u03b1-Functionalized Nitroalkenes with \u03b2-Ketosulfones<\/strong>. <em>J. Org. Chem<\/em>., <strong>2020<\/strong>.<\/a><\/li>\n<li style=\"text-align: justify\">Rejane Gon\u00e7alves Diniz Khodyuk, Ruoli Bai, Ernest Hamel, Estela Mariana Guimar\u00e3es Louren\u00e7o, Euz\u00e9bio Guimar\u00e3es Barbosa, Adilson Beatriz, Edson dos Anjos dos Santos, D\u00eanis Pires de Lima.<a href=\"https:\/\/doi.org\/10.1016\/j.bioorg.2020.104017\" target=\"_blank\" rel=\"noopener noreferrer\"><strong> Diaryl Disulfides and Thiosulfonates as Combretastatin A-4 Analogues: Synthesis, Cytotoxicity and Antitubulin Activity.<\/strong> <em>Bioorg. Chem.<\/em> <strong>2020<\/strong>.&nbsp;<\/a><\/li>\n<li>dos Santos, D. S.; Meza, A.; Gomes, R. D.; de Lima, D. P.; Beatriz, A. <a href=\"http:\/\/dx.doi.org\/10.17807\/orbital.v12i2.237\" target=\"_blank\" rel=\"noopener noreferrer\"><strong>A Straightforward Method for Synthesizing Bioactive Resorcinolic Lipid Analogues<\/strong>. <em>Orbital: Electron. J. Chem<\/em>. <strong>2020<\/strong>.<\/a><\/li>\n<li style=\"text-align: justify\">Copini, S. ;&nbsp;MICHELETTI, A. C.&nbsp;;&nbsp;De Souza, A. M.&nbsp;;&nbsp;Gomes, R. S.&nbsp;;&nbsp;De Lima, D. P.&nbsp;;&nbsp;BEATRIZ, A.&nbsp; <a href=\"https:\/\/dx.doi.org\/10.21577\/0103-5053.20200136\" target=\"_blank\" rel=\"noopener noreferrer\"><strong>Synthesis and Antioxidant and Antimicrobial Properties of \u03b2-Hydroxy Sulfides, Sulfoxides, and Sulfones Derived from Cardanol and Glycerol Derivatives.<\/strong> <em>J. Braz. Chem. So<\/em>c. <strong>2020<\/strong>, <em>31<\/em>, 2569-2582.<\/a><\/li>\n<li style=\"text-align: justify\">NANTES, CAMILLA I. ; PEREIRA, INGRID D. ; BAI, RUOLI ; HAMEL, ERNEST ; BURNETT, JAMES C. ; OLIVEIRA, RODRIGO J. ; F. C. MATOS, MARIA ;&nbsp;BEATRIZ, ADILSON&nbsp;; YONEKAWA, MURILO K. A. ; PERDOMO, RENATA T. ;&nbsp;Lima, D\u00eanis P.&nbsp;;&nbsp;Bogo, Danielle ; A. DOS SANTOS, EDSON . <a href=\"http:\/\/dx.doi.org\/10.1002\/cmdc.201900566\" target=\"_blank\" rel=\"noopener noreferrer\"><strong>-(4-Methoxyphenyl)-4-methoxybenzenesulfonothioate as a Promising Lead Compound for the Development of a Renal Carcinoma Agent<\/strong>. ChemMedChem, v. 15, p. 449-458, 2020.<\/a><\/li>\n<li style=\"text-align: justify\">PELIZARO, BRUNO IVO ; BRAGA, FELIPE CAMARGO ; CRISPIM, BRUNO DO AMARAL ; DE BARROS, LUIZ GUILHERME MAIOLINO LACERDA ; PESSATTO, LUCAS ROBERTO ; OLIVEIRA, EDWIN JOS\u00c9 TORRES ; VANI, JULIANA MIRON ; DE SOUZA, ANTONIO PANCR\u00c1CIO ; GRISOLIA, ALEXEIA BARUFATTI ; ANTONIOLLI-SILVA, ANDR\u00c9IA CONCEI\u00c7\u00c3O MILAN BROCHADO ;&nbsp;<a class=\"tooltip\" href=\"http:\/\/lattes.cnpq.br\/2112666591296772\" target=\"_blank\" rel=\"noopener noreferrer\">de Lima, D\u00eanis Pires<\/a>&nbsp;; DOS SANTOS JAQUES, JEANDRE AUGUSTO ;&nbsp;BEATRIZ, ADILSON&nbsp;; OLIVEIRA, RODRIGO JULIANO . <a href=\"http:\/\/dx.doi.org\/10.1007\/s11356-019-04376-y\" target=\"_blank\" rel=\"noopener noreferrer\"><strong>Assessment of acute toxicity and cytotoxicity of fluorescent markers produced by cardanol and glycerol, which are industrial waste, to different biological models<\/strong>. Environmental Science and Pollution Research, p. 1193, 2019.<\/a><\/li>\n<li style=\"text-align: justify\"><a href=\"http:\/\/dx.doi.org\/10.1002\/asia.201801560\" target=\"_blank\" rel=\"noopener noreferrer\">NARENDAR&#8217;REDDY, THATIKONDA ;&nbsp;BEATRIZ, ADILSON&nbsp;; JAYATHIRTHA&#8217;RAO, VAIDYA ; DE&#8217;LIMA, D\u00caNIS PIRES . <strong>Carbonyl Compounds- Journey to Amide Bond Formation.<\/strong> Chemistry-An Asian Journal, v. 14, p. 344-388, 2019<\/a>.<\/li>\n<li style=\"text-align: justify\"><a href=\"http:\/\/dx.doi.org\/10.1590\/1678-4685-gmb-2017-0279\" target=\"_blank\" rel=\"noopener noreferrer\">JULIANO OLIVEIRA, RODRIGO ; PEREIRA, FABR\u00cdCIA PANIAGO AJALA NERY ; SILVEIRA, INGRIDHY OSTACIANA MAIA FREITAS DA ; LIMA, RICARDO VIEIRA DE ; BERNO, CLAUDIA RODRIGUES ;&nbsp;PESARINI, JO\u00c3O RENATO&nbsp;; ANTONIOLLI-SILVA, ANDR\u00c9IA CONCEI\u00c7\u00c3O MILAN BROCHADO ; MONREAL, ANT\u00d4NIO CARLOS DUENHAS ;&nbsp;<b>ADILSON, BEATRIZ<\/b>&nbsp;; LIMA, D\u00eanis Pires de ; GOMES, ROBERTO DA SILVA . <strong>Assessment of the toxicogenic effects and cell death potential of the ester (Z)-methyl 4-((1,5-dimethyl-3-oxo-2-phenyl-2,3-dihydro-1H-pyrazol-4-yl)amino)-4-oxobut-2-anoate in combination with cisplatin, cyclophosphamide and doxorubicin<\/strong>. GENETICS AND MOLECULAR BIOLOGY (ONLINE VERSION), v. 42, p. 399-410, 2019<\/a>.<\/li>\n<li style=\"text-align: justify\"><a href=\"https:\/\/doi.org\/10.1016\/j.lfs.2018.08.022\" target=\"_blank\" rel=\"noopener noreferrer\">Navarro, S. D.; Pessatto, L. R.; Meza, A.; Oliveira, E. J. T.; Auharek, S. A.; Vilela, L. C.; De Lima, D. P.;Azevedo, R. B.; Kassuya, C. A.; Caceres, O. I. A.; Gomes, R. S.; Beatriz, A.; Oliveira, R. J.; Martines, M. A. U. <strong>Resorcinolic lipid 3-heptyl-3,4,6-trimethoxy-3H-isobenzofuran-1-one is a strategy for melanoma treatment.<\/strong> <em>Life Sciences<\/em> <strong>2018<\/strong>, <em>209<\/em>, 300-312.<\/a><\/li>\n<li style=\"text-align: justify\"><a class=\"author-name\">Juliana Miron Vani,&nbsp;<\/a><a class=\"author-name\">Maria Tereza Ferreira Duenhas Monreal,&nbsp;<\/a><a class=\"author-name\">Sarah Alves Auharek,&nbsp;<\/a><a class=\"author-name\">Andr\u00e9a Luiza Cunha-Laura,&nbsp;<\/a><a class=\"author-name\">Eduardo Jos\u00e9 de Arruda,&nbsp;<\/a><a class=\"author-name\">Alessandra Ramos Lima,&nbsp;<\/a><a class=\"author-name\">Cicera Maria da Silva,&nbsp;<\/a><a class=\"author-name\">Andr\u00e9ia Concei\u00e7\u00e3o Milan Brochado Antoniolli-Silva,&nbsp;<\/a><a class=\"author-name\">D\u00eanis Pires de Lima,&nbsp;<\/a><a class=\"author-name\">Adilson Beatriz,<span style=\"color: #000000\">&nbsp;<\/span><\/a><a class=\"author-name\" href=\"https:\/\/doi.org\/10.1371\/journal.pone.0193509\" target=\"_blank\" rel=\"noopener noreferrer\"><span style=\"color: #000000\">Rodrigo Juliano Oliveira.&nbsp;<\/span><strong>The mixture of cashew nut shell liquid and castor oil results in an efficient larvicide against Aedes aegypti that does not alter embryo-fetal development, reproductive performance or DNA integrity<\/strong>.&nbsp;<em>Plos One<\/em> <strong>2018<\/strong>, 1-21.<\/a><\/li>\n<li style=\"text-align: justify\">Rodrigo Juliano Oliveira, Naiara da Cruz Leite Santos, Jo\u00e3o Renato Pesarini, Beatriz Carneiro de Oliveira, Claudia Rodrigues Berno, Fl\u00e1vio Henrique Souza de Ara\u00fajo, Ingridhy Ostaciana Maia Freitas da Silveira , Raquel Oliveira Nascimento , Andr\u00e9ia Concei\u00e7\u00e3o Milan Brochado Antoniolli-Silva, Ant\u00f4nio Carlos Duenhas Monreal, Adilson Beatriz, D\u00eanis Pires de Lima, and Roberto da Silva Gomes. <b><a href=\"http:\/\/dx.doi.org\/10.1590\/1678-4685-GMB-2017-0091\" target=\"_blank\" rel=\"noopener noreferrer\">Assessment of genetic integrity, splenic phagocytosis and cell death potential of (<em>Z<\/em>)-4-((1,5-dimethyl-3-oxo-2-phenyl-2,3dihydro-1<em>H<\/em>-pyrazol-4-yl) amino)-4-oxobut-2-enoic acid and its effect when combined with commercial chemotherapeutics<\/a>.&nbsp;<\/b><em>Genetics and Molecular Biology<\/em> Online Ahead of Print. 2018<\/li>\n<li style=\"text-align: justify\">Thatikonda Narendar Reddy, Adilson Beatriz, Rosangela da Silva Lopes, Maria Rita Marques, Edson dos Anjos dos Santos, Camila Izabela Nantes, Maria de F\u00e1tima Cepa Matos, Renata Trentin Perdomo, Indiara Correia Pereira, Simone Schneider Weber, D\u00eanis Pires de Lima. <strong><a href=\"http:\/\/pubs.iscience.in\/journal\/index.php\/cbl\/article\/view\/753\" target=\"_blank\" rel=\"noopener noreferrer\">Design, synthesis and Structure-Activity Relationship of novel Phenolic based Pyrimidine hybrids from Cashew Nut Shell Liquid (CNSL) components as potential antitumor agents.<\/a><\/strong>&nbsp;&nbsp;<a href=\"http:\/\/pubs.iscience.in\/journal\/index.php\/cbl\/article\/view\/753\" target=\"_blank\" rel=\"noopener noreferrer\"><em>Chemical Biology Letters<\/em> ,&nbsp;2018, 5(2), 41-54<\/a><\/li>\n<li style=\"text-align: justify\">Avvari Prasad, Felipe Braga, Ros\u00e2ngela Lopes, Gleison Casagrande, D\u00eanis de Lima &amp; Adilson Beatriz.&nbsp;<a href=\"https:\/\/doi.org\/10.1080\/00397911.2017.1394467\" target=\"_blank\" rel=\"noopener noreferrer\"><b>Cu(I)-phosphine complex: An efficient catalyst for synthesis of 3-indole derivatives through one-pot MCR under mild conditions. <\/b><\/a><em>Synthetic Communications<\/em>, 2018, 48, 104-114. <a href=\"http:\/\/www.tandfonline.com\/eprint\/mEPrhptTwhTAYS3AAPYi\/full\" target=\"_blank\" rel=\"noopener noreferrer\">Free eprints&nbsp;<\/a><\/li>\n<\/ol>\n<h3>Related Images:<\/h3>","protected":false},"excerpt":{"rendered":"<p>Last 5 years Pinto, I. B.; Mantovani, C.; de Borba, D. R. dos S.; Salina, G. B.; de Lima, D. P.; Beatriz, A. Insights of Cannabinoid CBD: The Pharmacological Potential and Heterologous Expression.&nbsp;Orbital: Electron. J. Chem.&nbsp;2024,&nbsp;16, 111-118. Cezar, R. D. ; Silva, A. O.; Lopes, R. S.; Nakamura, C. V.; Rodrigues, J. H. S.; Louren\u00e7o, [&hellip;]<\/p>\n","protected":false},"author":126,"featured_media":0,"parent":107,"menu_order":0,"comment_status":"closed","ping_status":"open","template":"","meta":{"ngg_post_thumbnail":0,"footnotes":""},"coauthors":[],"class_list":["post-212","page","type-page","status-publish","hentry"],"_links":{"self":[{"href":"https:\/\/sintmol.ufms.br\/en\/wp-json\/wp\/v2\/pages\/212","targetHints":{"allow":["GET"]}}],"collection":[{"href":"https:\/\/sintmol.ufms.br\/en\/wp-json\/wp\/v2\/pages"}],"about":[{"href":"https:\/\/sintmol.ufms.br\/en\/wp-json\/wp\/v2\/types\/page"}],"author":[{"embeddable":true,"href":"https:\/\/sintmol.ufms.br\/en\/wp-json\/wp\/v2\/users\/126"}],"replies":[{"embeddable":true,"href":"https:\/\/sintmol.ufms.br\/en\/wp-json\/wp\/v2\/comments?post=212"}],"version-history":[{"count":96,"href":"https:\/\/sintmol.ufms.br\/en\/wp-json\/wp\/v2\/pages\/212\/revisions"}],"predecessor-version":[{"id":3881,"href":"https:\/\/sintmol.ufms.br\/en\/wp-json\/wp\/v2\/pages\/212\/revisions\/3881"}],"up":[{"embeddable":true,"href":"https:\/\/sintmol.ufms.br\/en\/wp-json\/wp\/v2\/pages\/107"}],"wp:attachment":[{"href":"https:\/\/sintmol.ufms.br\/en\/wp-json\/wp\/v2\/media?parent=212"}],"wp:term":[{"taxonomy":"author","embeddable":true,"href":"https:\/\/sintmol.ufms.br\/en\/wp-json\/wp\/v2\/coauthors?post=212"}],"curies":[{"name":"wp","href":"https:\/\/api.w.org\/{rel}","templated":true}]}}