{"id":209,"date":"2012-11-27T18:55:52","date_gmt":"2012-11-27T22:55:52","guid":{"rendered":"http:\/\/sintmol.draconis.ufms.br\/?page_id=209"},"modified":"2024-03-15T15:29:28","modified_gmt":"2024-03-15T19:29:28","slug":"colaboradores-externos","status":"publish","type":"page","link":"https:\/\/sintmol.ufms.br\/en\/equipe\/colaboradores-externos\/","title":{"rendered":"Collaborations"},"content":{"rendered":"<p><a href=\"http:\/\/sintmol.draconis.ufms.br\/files\/2012\/11\/dreamstimelarge_30555217.jpg\"><img fetchpriority=\"high\" decoding=\"async\" class=\"alignright wp-image-2268 size-medium\" src=\"http:\/\/sintmol.draconis.ufms.br\/files\/2012\/11\/dreamstimelarge_30555217-300x300.jpg\" alt=\"\" width=\"300\" height=\"300\" srcset=\"https:\/\/sintmol.ufms.br\/files\/2012\/11\/dreamstimelarge_30555217-300x300.jpg 300w, https:\/\/sintmol.ufms.br\/files\/2012\/11\/dreamstimelarge_30555217-150x150.jpg 150w, https:\/\/sintmol.ufms.br\/files\/2012\/11\/dreamstimelarge_30555217-768x768.jpg 768w, https:\/\/sintmol.ufms.br\/files\/2012\/11\/dreamstimelarge_30555217-1024x1024.jpg 1024w, https:\/\/sintmol.ufms.br\/files\/2012\/11\/dreamstimelarge_30555217-320x320.jpg 320w\" sizes=\"(max-width: 300px) 100vw, 300px\" \/><\/a><\/p>\n<ul>\n<li><a href=\"http:\/\/lattes.cnpq.br\/4089633496183732\" target=\"_blank\" rel=\"noopener\">Alisson Meza Novais<\/a>, Ph.D &#8211; UFAM<\/li>\n<li><a href=\"https:\/\/www.researchgate.net\/profile\/Edson_Dos_Santos3\" target=\"_blank\" rel=\"noopener noreferrer\">Edson dos Anjos dos Santos<\/a>, Ph.D. &#8211; INBIO &#8211; UFMS<\/li>\n<li><a href=\"http:\/\/lattes.cnpq.br\/3624370723788970\" target=\"_blank\" rel=\"noopener noreferrer\">Eduardo Jos\u00e9 de Arruda, Ph.D. &#8211; UFGD<\/a><\/li>\n<li><a href=\"http:\/\/spheroid.ncifcrf.gov\/stb\/staff\/hamel\/hamel.cfm\" target=\"_blank\" rel=\"noopener noreferrer\">Ernest Hamel, Ph.D. (NCI- USA)<\/a><\/li>\n<li><a href=\"https:\/\/www.eufraniolab.com\/\" target=\"_blank\" rel=\"noopener noreferrer\">Eufr\u00e2nio N. das Silva J\u00fanior, Ph.D. &#8211; UFMG<\/a><\/li>\n<li><a href=\"http:\/\/lattes.cnpq.br\/9605331818940229\" target=\"_blank\" rel=\"noopener noreferrer\">Felicia Megumi Ito<\/a>, Ph.D. &#8211; Col\u00e9gio Miliar de Campo Grande<\/li>\n<li><a href=\"http:\/\/lattes.cnpq.br\/6408676855110487\" target=\"_blank\" rel=\"noopener noreferrer\">Glaucia Braz Alcantara, Ph.D. &#8211; INQUI &#8211; UFMS<\/a><\/li>\n<li><a href=\"https:\/\/inqui.ufms.br\/en\/gleison-antonio-casagrande\/\" target=\"_blank\" rel=\"noopener noreferrer\">Gleison Antonio Casagrande, Ph.D. &#8211; INQUI &#8211; UFMS<\/a><\/li>\n<li><a href=\"http:\/\/www.chem.iitb.ac.in\/~irishi\/inn.html\" target=\"_blank\" rel=\"noopener noreferrer\">Irishi&nbsp; N. N. Namboothiri<\/a>, Ph.D.<\/li>\n<li><a href=\"https:\/\/www.dq.ufscar.br\/docentes\/kleber-thiago-de-oliveira\" target=\"_blank\" rel=\"noopener\">Kleber Thiago de Oliveira, Ph.D<\/a><\/li>\n<li><a href=\"http:\/\/lattes.cnpq.br\/0805599101682606\" target=\"_blank\" rel=\"noopener\">Ludovico Migliolo, Ph.D. &#8211; UCDB<\/a><\/li>\n<li><a href=\"http:\/\/lattes.cnpq.br\/7333467568929657\" target=\"_blank\" rel=\"noopener noreferrer\">Marco A. Utrera Martines, Ph.D. &#8211; INQUI &#8211; UFMS<\/a><\/li>\n<li><a href=\"https:\/\/lppfb.ufms.br\/\" target=\"_blank\" rel=\"noopener\">Maria Ligia Rodrigues Macedo, Ph.D. &#8211; FACFAN &#8211; UFMS<\/a><\/li>\n<li><a href=\"https:\/\/www.condasheridanlab.com\/\" target=\"_blank\" rel=\"noopener noreferrer\">Martin Conda-Sheridan, Ph.D. &#8211; University of Nebraska Medical Center<\/a><\/li>\n<li data-uw-styling-context=\"true\"><a href=\"http:\/\/lattes.cnpq.br\/8097857873980722\" target=\"_blank\" rel=\"noopener\">Marilyn Aparecida Errobidarte de Matos<\/a>, Ph.D \u2013 IFMS<\/li>\n<li><a href=\"https:\/\/www.unomaha.edu\/college-of-arts-and-sciences\/chemistry\/about-us\/directory\/nathalia-almeida.php\" target=\"_blank\" rel=\"noopener noreferrer\">Nath\u00e1lia Rodrigues de Almeida, Ph.D. &#8211;&nbsp;University of Nebraska -Omaha (UNO)<\/a><\/li>\n<li><a href=\"https:\/\/www.usc.es\/ciqus\/en\/general-information\/staff\/ricardo-riguera-vega\" target=\"_blank\" rel=\"noopener noreferrer\">Ricardo Riguera, Ph.D. &#8211; Universidade de Santiago de Compostela &#8211; USC &#8211; Espanha<\/a><\/li>\n<li><a href=\"https:\/\/www.ndsu.edu\/pharmacy\/faculty_staff\/pharmaceutical_sciences\/r_gomes\/\" target=\"_blank\" rel=\"noopener noreferrer\">Roberto da Silva Gomes, Ph.D. &#8211; North Dakota State University<\/a><\/li>\n<li><a href=\"http:\/\/lattes.cnpq.br\/7836351019419472\" target=\"_blank\" rel=\"noopener noreferrer\">Rodrigo Juliano Oliveira, Ph.D. &#8211;&nbsp;Faculdade de Medicina &#8220;Dr. H\u00e9lio Mandetta&#8221; &#8211; FAMED\/UFMS<\/a><\/li>\n<li><a href=\"http:\/\/www.cce.ufes.br\/dqui\/html\/professores\/valdemar.htm\" target=\"_blank\" rel=\"noopener noreferrer\">Valdemar Lacerda J\u00fanior, Ph.D. &#8211; UFES<\/a><\/li>\n<\/ul>\n<p>&nbsp;<\/p>\n<p>&nbsp;<\/p>\n<p>&nbsp;<\/p>\n<p>&nbsp;<\/p>\n<p>&nbsp;<\/p>\n<hr \/>\n<h3>Related Images:<\/h3>","protected":false},"excerpt":{"rendered":"<p>Alisson Meza Novais, Ph.D &#8211; UFAM Edson dos Anjos dos Santos, Ph.D. &#8211; INBIO &#8211; UFMS Eduardo Jos\u00e9 de Arruda, Ph.D. &#8211; UFGD Ernest Hamel, Ph.D. (NCI- USA) Eufr\u00e2nio N. das Silva J\u00fanior, Ph.D. &#8211; UFMG Felicia Megumi Ito, Ph.D. &#8211; Col\u00e9gio Miliar de Campo Grande Glaucia Braz Alcantara, Ph.D. &#8211; INQUI &#8211; UFMS Gleison [&hellip;]<\/p>\n","protected":false},"author":126,"featured_media":0,"parent":143,"menu_order":0,"comment_status":"closed","ping_status":"open","template":"","meta":{"ngg_post_thumbnail":0,"footnotes":""},"coauthors":[],"class_list":["post-209","page","type-page","status-publish","hentry"],"_links":{"self":[{"href":"https:\/\/sintmol.ufms.br\/en\/wp-json\/wp\/v2\/pages\/209","targetHints":{"allow":["GET"]}}],"collection":[{"href":"https:\/\/sintmol.ufms.br\/en\/wp-json\/wp\/v2\/pages"}],"about":[{"href":"https:\/\/sintmol.ufms.br\/en\/wp-json\/wp\/v2\/types\/page"}],"author":[{"embeddable":true,"href":"https:\/\/sintmol.ufms.br\/en\/wp-json\/wp\/v2\/users\/126"}],"replies":[{"embeddable":true,"href":"https:\/\/sintmol.ufms.br\/en\/wp-json\/wp\/v2\/comments?post=209"}],"version-history":[{"count":43,"href":"https:\/\/sintmol.ufms.br\/en\/wp-json\/wp\/v2\/pages\/209\/revisions"}],"predecessor-version":[{"id":3759,"href":"https:\/\/sintmol.ufms.br\/en\/wp-json\/wp\/v2\/pages\/209\/revisions\/3759"}],"up":[{"embeddable":true,"href":"https:\/\/sintmol.ufms.br\/en\/wp-json\/wp\/v2\/pages\/143"}],"wp:attachment":[{"href":"https:\/\/sintmol.ufms.br\/en\/wp-json\/wp\/v2\/media?parent=209"}],"wp:term":[{"taxonomy":"author","embeddable":true,"href":"https:\/\/sintmol.ufms.br\/en\/wp-json\/wp\/v2\/coauthors?post=209"}],"curies":[{"name":"wp","href":"https:\/\/api.w.org\/{rel}","templated":true}]}}