{"id":171,"date":"2012-11-27T10:15:47","date_gmt":"2012-11-27T14:15:47","guid":{"rendered":"http:\/\/sintmol.draconis.ufms.br\/?page_id=171"},"modified":"2022-02-18T14:10:47","modified_gmt":"2022-02-18T18:10:47","slug":"links","status":"publish","type":"page","link":"https:\/\/sintmol.ufms.br\/en\/links\/","title":{"rendered":"Links"},"content":{"rendered":"<ul>\n<li><strong><a href=\"https:\/\/scifinder.cas.org\/scifinder\/loggedout\" target=\"_blank\" rel=\"noopener\">SciFinder<\/a><\/strong><\/li>\n<li><strong><a href=\"https:\/\/science-of-synthesis.thieme.com\/\" target=\"_blank\" rel=\"noopener\">Thieme Science of Synthesis<\/a><\/strong><\/li>\n<li><strong><a href=\"http:\/\/cssp.chemspider.com\/\" target=\"_blank\" rel=\"noopener\">ChemSpider SyntheticPages<\/a><\/strong><\/li>\n<li><strong><a href=\"https:\/\/www.molinspiration.com\/\" target=\"_blank\" rel=\"noopener\">Molinspiration<\/a><\/strong><\/li>\n<li><strong><a href=\"https:\/\/www.molecular-modelling.ch\/swiss-drug-design.html\" target=\"_blank\" rel=\"noopener\">SwissDrugDesign<\/a><\/strong><\/li>\n<li><strong><a href=\"http:\/\/biosig.unimelb.edu.au\/easyvs\/\" target=\"_blank\" rel=\"noopener\">EasyVS<\/a><\/strong><\/li>\n<li><strong><a href=\"http:\/\/fat.org.br\/\" target=\"_blank\" rel=\"noopener\">Funda\u00e7\u00e3o Andr\u00e9 Tosello<\/a><\/strong><\/li>\n<li><strong><a href=\"http:\/\/sintmol.draconis.ufms.br\/?page_id=862\">Softwares<\/a><\/strong><\/li>\n<li><strong><a href=\"http:\/\/sintmol.draconis.ufms.br\/?page_id=866\">Chemistry journals (in Brazil)<\/a><\/strong><\/li>\n<li><strong><a href=\"http:\/\/sintmol.draconis.ufms.br\/?page_id=2097\">Videos: Organic Preparations, Procedures etc.<\/a><\/strong><\/li>\n<li><strong><a href=\"http:\/\/ejcorey.org\/corey\/index.html\" target=\"_blank\" rel=\"noopener\">The Compiled Works of EJ Corey<\/a><\/strong><\/li>\n<\/ul>\n<h3>Related Images:<\/h3>","protected":false},"excerpt":{"rendered":"<p>SciFinder Thieme Science of Synthesis ChemSpider SyntheticPages Molinspiration SwissDrugDesign EasyVS Funda\u00e7\u00e3o Andr\u00e9 Tosello Softwares Chemistry journals (in Brazil) Videos: Organic Preparations, Procedures etc. The Compiled Works of EJ Corey Related Images:<\/p>\n","protected":false},"author":126,"featured_media":0,"parent":0,"menu_order":0,"comment_status":"closed","ping_status":"open","template":"","meta":{"ngg_post_thumbnail":0,"footnotes":""},"coauthors":[],"class_list":["post-171","page","type-page","status-publish","hentry"],"_links":{"self":[{"href":"https:\/\/sintmol.ufms.br\/en\/wp-json\/wp\/v2\/pages\/171","targetHints":{"allow":["GET"]}}],"collection":[{"href":"https:\/\/sintmol.ufms.br\/en\/wp-json\/wp\/v2\/pages"}],"about":[{"href":"https:\/\/sintmol.ufms.br\/en\/wp-json\/wp\/v2\/types\/page"}],"author":[{"embeddable":true,"href":"https:\/\/sintmol.ufms.br\/en\/wp-json\/wp\/v2\/users\/126"}],"replies":[{"embeddable":true,"href":"https:\/\/sintmol.ufms.br\/en\/wp-json\/wp\/v2\/comments?post=171"}],"version-history":[{"count":13,"href":"https:\/\/sintmol.ufms.br\/en\/wp-json\/wp\/v2\/pages\/171\/revisions"}],"predecessor-version":[{"id":3487,"href":"https:\/\/sintmol.ufms.br\/en\/wp-json\/wp\/v2\/pages\/171\/revisions\/3487"}],"wp:attachment":[{"href":"https:\/\/sintmol.ufms.br\/en\/wp-json\/wp\/v2\/media?parent=171"}],"wp:term":[{"taxonomy":"author","embeddable":true,"href":"https:\/\/sintmol.ufms.br\/en\/wp-json\/wp\/v2\/coauthors?post=171"}],"curies":[{"name":"wp","href":"https:\/\/api.w.org\/{rel}","templated":true}]}}