{"id":1685,"date":"2017-05-27T12:36:50","date_gmt":"2017-05-27T16:36:50","guid":{"rendered":"http:\/\/sintmol.draconis.ufms.br\/?page_id=1685"},"modified":"2026-05-12T00:08:37","modified_gmt":"2026-05-12T04:08:37","slug":"projeto-tematico-ii","status":"publish","type":"page","link":"https:\/\/sintmol.ufms.br\/en\/research-and-development\/projeto-tematico-ii\/","title":{"rendered":"Umbrella Project II"},"content":{"rendered":"<h3 style=\"text-align: center\">Larvicides and Antimicrobials from Abundant Natural Sources<\/h3>\n<hr \/>\n<h3 style=\"text-align: left\"><strong>Ongoing projects<\/strong><\/h3>\n<h4 style=\"text-align: center\"><span style=\"font-size: 10pt\"><em>1. Development of surfactant mixtures from cashew nut shell liquid (CNSL) and castor oil<\/em><\/span><\/h4>\n<p style=\"text-align: center\"><a href=\"http:\/\/sintmol.draconis.ufms.br\/files\/2012\/11\/2017-05-26.png\"><img decoding=\"async\" class=\"aligncenter wp-image-1665 size-medium\" src=\"http:\/\/sintmol.draconis.ufms.br\/files\/2012\/11\/2017-05-26-300x137.png\" alt=\"\" width=\"300\" height=\"137\" \/><\/a><\/p>\n<p><a href=\"http:\/\/sintmol.draconis.ufms.br\/files\/2012\/11\/2017-05-26-1.png\"><img decoding=\"async\" class=\"aligncenter wp-image-1666 size-medium\" src=\"http:\/\/sintmol.draconis.ufms.br\/files\/2012\/11\/2017-05-26-1-300x135.png\" alt=\"\" width=\"300\" height=\"135\" \/><\/a><\/p>\n<hr \/>\n<h4 style=\"text-align: center\"><span style=\"font-size: 10pt\"><em>2. Synthesis of novel ozonides from vegetable oils for pharmaceutical and veterinary use<\/em><\/span><\/h4>\n<p style=\"text-align: center\">&nbsp;<\/p>\n<p style=\"text-align: center\"><a href=\"http:\/\/sintmol.draconis.ufms.br\/files\/2017\/06\/rscadvances_paola.png\"><img loading=\"lazy\" decoding=\"async\" class=\"wp-image-1708 size-medium aligncenter\" src=\"http:\/\/sintmol.draconis.ufms.br\/files\/2017\/06\/rscadvances_paola-300x106.png\" alt=\"\" width=\"300\" height=\"106\" srcset=\"https:\/\/sintmol.ufms.br\/files\/2017\/06\/rscadvances_paola-300x106.png 300w, https:\/\/sintmol.ufms.br\/files\/2017\/06\/rscadvances_paola-150x53.png 150w, https:\/\/sintmol.ufms.br\/files\/2017\/06\/rscadvances_paola-768x272.png 768w, https:\/\/sintmol.ufms.br\/files\/2017\/06\/rscadvances_paola-730x258.png 730w, https:\/\/sintmol.ufms.br\/files\/2017\/06\/rscadvances_paola.png 956w\" sizes=\"(max-width: 300px) 100vw, 300px\" \/><\/a><\/p>\n<p style=\"text-align: center\">&nbsp;<\/p>\n<p style=\"text-align: center\"><a href=\"http:\/\/sintmol.draconis.ufms.br\/files\/2015\/08\/rsc.png\"><img loading=\"lazy\" decoding=\"async\" class=\"wp-image-1284 size-medium alignnone\" src=\"http:\/\/sintmol.draconis.ufms.br\/files\/2015\/08\/rsc-300x150.png\" alt=\"\" width=\"300\" height=\"150\" srcset=\"https:\/\/sintmol.ufms.br\/files\/2015\/08\/rsc-300x150.png 300w, https:\/\/sintmol.ufms.br\/files\/2015\/08\/rsc-150x75.png 150w, https:\/\/sintmol.ufms.br\/files\/2015\/08\/rsc-639x320.png 639w, https:\/\/sintmol.ufms.br\/files\/2015\/08\/rsc.png 918w\" sizes=\"(max-width: 300px) 100vw, 300px\" \/><\/a><\/p>\n<p style=\"text-align: center\">&nbsp;<\/p>\n<hr \/>\n<p style=\"text-align: left\"><strong>Selected Publications<\/strong><\/p>\n<ul>\n<li>Copini, S. ;&nbsp;MICHELETTI, A. C.&nbsp;;&nbsp;De Souza, A. M.&nbsp;;&nbsp;Gomes, R. S.&nbsp;;&nbsp;De Lima, D. P.&nbsp;;&nbsp;BEATRIZ, A.&nbsp; <a href=\"https:\/\/dx.doi.org\/10.21577\/0103-5053.20200136\" target=\"_blank\" rel=\"noopener noreferrer\">Synthesis and Antioxidant and Antimicrobial Properties of \u03b2-Hydroxy Sulfides, Sulfoxides, and Sulfones Derived from Cardanol and Glycerol Derivatives. <em>J. Braz. Chem. So<\/em>c. <strong>2020<\/strong>, <em>31<\/em>, 2569-2582.<\/a><\/li>\n<li style=\"text-align: justify\"><a class=\"author-name\">Juliana Miron Vani,&nbsp;<\/a><a class=\"author-name\">Maria Tereza Ferreira Duenhas Monreal,&nbsp;<\/a><a class=\"author-name\">Sarah Alves Auharek,&nbsp;<\/a><a class=\"author-name\">Andr\u00e9a Luiza Cunha-Laura,&nbsp;<\/a><a class=\"author-name\">Eduardo Jos\u00e9 de Arruda,&nbsp;<\/a><a class=\"author-name\">Alessandra Ramos Lima,&nbsp;<\/a><a class=\"author-name\">Cicera Maria da Silva,&nbsp;<\/a><a class=\"author-name\">Andr\u00e9ia Concei\u00e7\u00e3o Milan Brochado Antoniolli-Silva,&nbsp;<\/a><a class=\"author-name\">D\u00eanis Pires de Lima,&nbsp;<\/a><a class=\"author-name\">Adilson Beatriz,&nbsp;<\/a><a class=\"author-name\" href=\"https:\/\/doi.org\/10.1371\/journal.pone.0193509\" target=\"_blank\" rel=\"noopener noreferrer\">Rodrigo Juliano Oliveira.&nbsp;<strong>The mixture of cashew nut shell liquid and castor oil results in an efficient larvicide against Aedes aegypti that does not alter embryo-fetal development, reproductive performance or DNA integrity<\/strong>.&nbsp;<em>Plos One<\/em>&nbsp;<strong>2018<\/strong>, 1-21.<\/a><\/li>\n<li style=\"text-align: justify\">de Oliveira, P. D. et al.&nbsp;<a href=\"http:\/\/pubs.rsc.org\/en\/Content\/ArticleLanding\/2017\/RA\/C7RA00574A#!divAbstract\" target=\"_blank\" rel=\"noopener noreferrer\"><strong>Ozonolysis of neem oil:<\/strong>&nbsp;<strong>Preparation and characterization of potent antibacterial agents against multidrug resistant bacterial strains<\/strong><\/a>.&nbsp;<em>RSC Advances<\/em>&nbsp;2017, 7, 34356-34365.<\/li>\n<li style=\"text-align: justify\">Vani, J.M.; Auharek, S. A. et al.<strong> <a href=\"http:\/\/seer.ufms.br\/index.php\/pecibes\/article\/view\/4807\/3564\" target=\"_blank\" rel=\"noopener noreferrer\">Tensoativo do L\u00edquido da Casca da Castanha do Caju: eficiente larvicida natural, contra o Aedes aegypti, de uso seguro<\/a><\/strong>.&nbsp;&nbsp;<em>PECIBES<\/em> 2015,&nbsp; supl. 1, 24.<\/li>\n<li style=\"text-align: justify\">Kogawa, N. R. A.; De Arruda, E. J.; Micheletti, A. C.; Matos, M. F. C.; De Oliveira, L. C. S.; De Lima, D. P.; Carvalho, N. C. P.; Oliveira, P. D.; Cunha, M. C.; Ojeda, M.; Beatriz, A.&nbsp;<strong><a href=\"http:\/\/dx.doi.org\/10.1039\/C5RA02798E\" target=\"_blank\" rel=\"noopener noreferrer\">Synthesis, characterization, thermal behavior and biological activity of ozonides from vegetable oils.<\/a><\/strong>&nbsp;<em>RSC Advances: an international journal to further the chemical science<\/em>s, 2015, 5,&nbsp;65427 \u2013 65436.<\/li>\n<li style=\"text-align: justify\">Almeida, N. R.; Beatriz, A.; Micheletti, A. C.; de Arruda, E. J.&nbsp;<strong><a href=\"http:\/\/dx.doi.org\/10.17807\/orbital.v4i4.467\" target=\"_blank\" rel=\"noopener noreferrer\">Ozonized vegetable oils and therapeutic properties: A review<\/a>.<\/strong>&nbsp;<em>Orbital: Electron. J. Chem<\/em>.&nbsp;<strong>2012<\/strong>,&nbsp;<em>4<\/em>, 313.<\/li>\n<li style=\"text-align: justify\">Beatriz, A. et al. Processo de Produ\u00e7\u00e3o e Uso de Misturas de Surfactantes I\u00f4nicos do L\u00edquido da Casca da Castanha do Caju e do \u00d3leo de Mamona como Larvicida. Patent no. BR 10 2015 0072333.<\/li>\n<\/ul>\n\n<h3>Related Images:<\/h3>","protected":false},"excerpt":{"rendered":"<p>Larvicides and Antimicrobials from Abundant Natural Sources Ongoing projects 1. Development of surfactant mixtures from cashew nut shell liquid (CNSL) and castor oil 2. Synthesis of novel ozonides from vegetable oils for pharmaceutical and veterinary use &nbsp; &nbsp; &nbsp; Selected Publications Copini, S. ;&nbsp;MICHELETTI, A. C.&nbsp;;&nbsp;De Souza, A. M.&nbsp;;&nbsp;Gomes, R. S.&nbsp;;&nbsp;De Lima, D. P.&nbsp;;&nbsp;BEATRIZ, A.&nbsp; [&hellip;]<\/p>\n","protected":false},"author":126,"featured_media":0,"parent":3315,"menu_order":0,"comment_status":"closed","ping_status":"closed","template":"","meta":{"ngg_post_thumbnail":0,"footnotes":""},"coauthors":[19],"class_list":["post-1685","page","type-page","status-publish","hentry"],"_links":{"self":[{"href":"https:\/\/sintmol.ufms.br\/en\/wp-json\/wp\/v2\/pages\/1685","targetHints":{"allow":["GET"]}}],"collection":[{"href":"https:\/\/sintmol.ufms.br\/en\/wp-json\/wp\/v2\/pages"}],"about":[{"href":"https:\/\/sintmol.ufms.br\/en\/wp-json\/wp\/v2\/types\/page"}],"author":[{"embeddable":true,"href":"https:\/\/sintmol.ufms.br\/en\/wp-json\/wp\/v2\/users\/126"}],"replies":[{"embeddable":true,"href":"https:\/\/sintmol.ufms.br\/en\/wp-json\/wp\/v2\/comments?post=1685"}],"version-history":[{"count":23,"href":"https:\/\/sintmol.ufms.br\/en\/wp-json\/wp\/v2\/pages\/1685\/revisions"}],"predecessor-version":[{"id":4346,"href":"https:\/\/sintmol.ufms.br\/en\/wp-json\/wp\/v2\/pages\/1685\/revisions\/4346"}],"up":[{"embeddable":true,"href":"https:\/\/sintmol.ufms.br\/en\/wp-json\/wp\/v2\/pages\/3315"}],"wp:attachment":[{"href":"https:\/\/sintmol.ufms.br\/en\/wp-json\/wp\/v2\/media?parent=1685"}],"wp:term":[{"taxonomy":"author","embeddable":true,"href":"https:\/\/sintmol.ufms.br\/en\/wp-json\/wp\/v2\/coauthors?post=1685"}],"curies":[{"name":"wp","href":"https:\/\/api.w.org\/{rel}","templated":true}]}}