{"id":150,"date":"2012-11-27T09:47:12","date_gmt":"2012-11-27T13:47:12","guid":{"rendered":"http:\/\/sintmol.draconis.ufms.br\/?page_id=150"},"modified":"2025-11-03T08:45:23","modified_gmt":"2025-11-03T12:45:23","slug":"graduandos","status":"publish","type":"page","link":"https:\/\/sintmol.ufms.br\/en\/equipe\/graduandos\/","title":{"rendered":"Undergraduate Students"},"content":{"rendered":"<table style=\"border-collapse: collapse;width: 93.1685%;height: 894px\">\n<tbody>\n<tr style=\"height: 230px\">\n<td style=\"width: 95.2502%;vertical-align: middle;height: 230px\">&nbsp;<\/td>\n<\/tr>\n<tr style=\"height: 222px\">\n<td style=\"width: 95.2502%;vertical-align: middle;height: 222px\"><a href=\"https:\/\/sintmol.ufms.br\/equipe\/graduandos\/larissa\/\" rel=\"attachment wp-att-4167\"><img decoding=\"async\" class=\"aligncenter\" src=\"http:\/\/sintmol.ufms.br\/files\/2025\/03\/Larissa-129x150.jpg\" alt=\"\" width=\"129\" height=\"150\"\/><\/a><\/p>\n<p style=\"font-weight: 400;text-align: center\"><strong>Larissa Ferrarine<\/strong>. Projeto: Caracteriza\u00e7\u00e3o da penicilina G acilase imobilizada em suporte h\u00edbrido.<\/p>\n<\/td>\n<\/tr>\n<tr style=\"height: 302px\">\n<td style=\"width: 95.2502%;vertical-align: middle;height: 302px\"><img decoding=\"async\" class=\"aligncenter\" src=\"http:\/\/sintmol.ufms.br\/files\/2025\/03\/Jose_Augusto-122x150.jpg\" alt=\"\" width=\"122\" height=\"150\"\/><\/p>\n<p style=\"font-weight: 400;text-align: center\"><strong>Jos\u00e9 Augusto Vanjura de Moura<\/strong>. Projeto: S\u00edntese, ativa\u00e7\u00e3o e oxida\u00e7\u00e3o de um suporte h\u00edbrido para imobiliza\u00e7\u00e3o de enzimas.<\/p>\n<\/td>\n<\/tr>\n<tr style=\"height: 96px\">\n<td style=\"width: 95.2502%;height: 10px;vertical-align: middle\" scope=\"row\">\n<p style=\"text-align: center\">&nbsp;<\/p>\n<\/td>\n<\/tr>\n<tr style=\"height: 24px\">\n<td style=\"width: 95.2502%;height: 24px;vertical-align: middle\" scope=\"row\">\n<p style=\"text-align: center\">&nbsp;<\/p>\n<\/td>\n<\/tr>\n<tr style=\"height: 24px\">\n<td style=\"width: 95.2502%;height: 24px;vertical-align: middle\" scope=\"row\">\n<p style=\"text-align: center\">&nbsp;<\/p>\n<\/td>\n<\/tr>\n<tr style=\"height: 24px\">\n<td style=\"width: 95.2502%;height: 24px;vertical-align: middle\" scope=\"row\"><b>&nbsp;<\/b><\/td>\n<\/tr>\n<tr style=\"height: 24px\">\n<td style=\"width: 95.2502%;height: 24px;vertical-align: middle\" scope=\"row\">&nbsp;<\/td>\n<\/tr>\n<\/tbody>\n<\/table>\n<h3>Related Images:<\/h3>","protected":false},"excerpt":{"rendered":"<p>&nbsp; Larissa Ferrarine. Projeto: Caracteriza\u00e7\u00e3o da penicilina G acilase imobilizada em suporte h\u00edbrido. Jos\u00e9 Augusto Vanjura de Moura. Projeto: S\u00edntese, ativa\u00e7\u00e3o e oxida\u00e7\u00e3o de um suporte h\u00edbrido para imobiliza\u00e7\u00e3o de enzimas. &nbsp; &nbsp; &nbsp; &nbsp; &nbsp; Related Images:<\/p>\n","protected":false},"author":126,"featured_media":0,"parent":143,"menu_order":0,"comment_status":"closed","ping_status":"open","template":"","meta":{"ngg_post_thumbnail":0,"footnotes":""},"coauthors":[19],"class_list":["post-150","page","type-page","status-publish","hentry"],"_links":{"self":[{"href":"https:\/\/sintmol.ufms.br\/en\/wp-json\/wp\/v2\/pages\/150","targetHints":{"allow":["GET"]}}],"collection":[{"href":"https:\/\/sintmol.ufms.br\/en\/wp-json\/wp\/v2\/pages"}],"about":[{"href":"https:\/\/sintmol.ufms.br\/en\/wp-json\/wp\/v2\/types\/page"}],"author":[{"embeddable":true,"href":"https:\/\/sintmol.ufms.br\/en\/wp-json\/wp\/v2\/users\/126"}],"replies":[{"embeddable":true,"href":"https:\/\/sintmol.ufms.br\/en\/wp-json\/wp\/v2\/comments?post=150"}],"version-history":[{"count":67,"href":"https:\/\/sintmol.ufms.br\/en\/wp-json\/wp\/v2\/pages\/150\/revisions"}],"predecessor-version":[{"id":4285,"href":"https:\/\/sintmol.ufms.br\/en\/wp-json\/wp\/v2\/pages\/150\/revisions\/4285"}],"up":[{"embeddable":true,"href":"https:\/\/sintmol.ufms.br\/en\/wp-json\/wp\/v2\/pages\/143"}],"wp:attachment":[{"href":"https:\/\/sintmol.ufms.br\/en\/wp-json\/wp\/v2\/media?parent=150"}],"wp:term":[{"taxonomy":"author","embeddable":true,"href":"https:\/\/sintmol.ufms.br\/en\/wp-json\/wp\/v2\/coauthors?post=150"}],"curies":[{"name":"wp","href":"https:\/\/api.w.org\/{rel}","templated":true}]}}