{"id":1058,"date":"2015-02-14T22:09:59","date_gmt":"2015-02-15T02:09:59","guid":{"rendered":"http:\/\/sintmol.draconis.ufms.br\/?page_id=1058"},"modified":"2025-10-16T16:28:06","modified_gmt":"2025-10-16T20:28:06","slug":"livros","status":"publish","type":"page","link":"https:\/\/sintmol.ufms.br\/en\/publicacoes\/livros\/","title":{"rendered":"Books"},"content":{"rendered":"<p><img decoding=\"async\" class=\"alignleft wp-image-3594 size-thumbnail\" src=\"http:\/\/sintmol.ufms.br\/files\/2022\/11\/ebook_sbq-109x150.jpg\" alt=\"\" width=\"109\" height=\"150\" srcset=\"https:\/\/sintmol.ufms.br\/files\/2022\/11\/ebook_sbq-109x150.jpg 109w, https:\/\/sintmol.ufms.br\/files\/2022\/11\/ebook_sbq-217x300.jpg 217w, https:\/\/sintmol.ufms.br\/files\/2022\/11\/ebook_sbq-232x320.jpg 232w, https:\/\/sintmol.ufms.br\/files\/2022\/11\/ebook_sbq.jpg 385w\" sizes=\"(max-width: 109px) 100vw, 109px\" \/><\/p>\n<p><strong>Book: <a href=\"https:\/\/www.sbq.org.br\/organica\/quimica-organica-sintetica-brasil-livro\/\" target=\"_blank\" rel=\"noopener\">Qu\u00edmica Org\u00e2nica Sint\u00e9tica<\/a> (2022) &nbsp;&nbsp;<\/strong><\/p>\n<p style=\"text-align: justify\"><strong>Chapter 3<\/strong>: S\u00cdNTESE DE CITOSPORONAS E DE AN\u00c1LOGOS BIOATIVOS:&nbsp; UMA CLASSE PROMISSORA DE LIP\u00cdDEOS FEN\u00d3LICOS.<br \/>\nAuthors: Adilson Beatriz and D\u00eanis Pires de Lima<\/p>\n<p>Publisher: <em>Sociedade Brasileira de Qu\u00edmica &#8211; SBQ<\/em><\/p>\n<p>&nbsp;<\/p>\n<hr \/>\n<p><a href=\"http:\/\/sintmol.ufms.br\/files\/2022\/05\/978-981-19-0832-3.jpg\"><img decoding=\"async\" class=\"alignleft size-full wp-image-3548\" src=\"http:\/\/sintmol.ufms.br\/files\/2022\/05\/978-981-19-0832-3.jpg\" alt=\"\" width=\"92\" height=\"138\"\/><\/a><strong>Book: <a href=\"https:\/\/link.springer.com\/book\/10.1007\/978-981-19-0832-3\" target=\"_blank\" rel=\"noopener\"><em>N<\/em>-Heterocycles<\/a> (2022)<\/strong><\/p>\n<p style=\"text-align: justify\"><strong>Chapter 3<\/strong>: Lactams, Azetidines, Penicillins, and Cephalosporins: An Overview on the Synthesis and Their Antibacterial Activity.<br \/>\nAuthors: Adilson Beatriz, Mirta Gladis Mondino, D\u00eanis Pires de Lima<\/p>\n<p>Publisher: Springer Nature<\/p>\n<p>&nbsp;<\/p>\n<hr \/>\n<p><a href=\"http:\/\/sintmol.ufms.br\/files\/2015\/02\/book_vireira.jpg\"><img decoding=\"async\" class=\"alignleft wp-image-1059 size-thumbnail\" src=\"http:\/\/sintmol.ufms.br\/files\/2015\/02\/book_vireira-96x150.jpg\" alt=\"book_vireira\" width=\"96\" height=\"150\" srcset=\"https:\/\/sintmol.ufms.br\/files\/2015\/02\/book_vireira-96x150.jpg 96w, https:\/\/sintmol.ufms.br\/files\/2015\/02\/book_vireira-192x300.jpg 192w, https:\/\/sintmol.ufms.br\/files\/2015\/02\/book_vireira-656x1024.jpg 656w, https:\/\/sintmol.ufms.br\/files\/2015\/02\/book_vireira-205x320.jpg 205w, https:\/\/sintmol.ufms.br\/files\/2015\/02\/book_vireira.jpg 915w\" sizes=\"(max-width: 96px) 100vw, 96px\" \/><\/a><\/p>\n<dl>\n<dt><a href=\"https:\/\/www.morebooks.de\/store\/pt\/book\/s%C3%ADntese-de-xantonas-e-tioxantonas\/isbn\/978-3-639-74386-9\" target=\"_blank\" rel=\"noopener noreferrer\"><strong>S\u00edntese de xantonas e tioxantonas:&nbsp;<\/strong>S\u00edntese de xantonas e tioxantonas a partir de lip\u00eddeos fen\u00f3licos isolados do l\u00edquido da casca da castanha do caju<\/a><\/dt>\n<dt>Publisher:&nbsp;<a title=\"Ver mais livros do editorial Novas Edi\u00e7\u00f5es Acad\u00eamicas \" href=\"https:\/\/www.morebooks.de\/books\/pt\/published_by\/novas-edi%C3%A7%C3%B5es-acad%C3%AAmicas\/332520\/products\">Novas Edi\u00e7\u00f5es Acad\u00eamicas<\/a><\/dt>\n<dt>Website:&nbsp;<a href=\"https:\/\/www.nea-edicoes.com\/\">https:\/\/www.nea-edicoes.com<\/a><\/dt>\n<dt>Authors:&nbsp;<a class=\"standard_link\" href=\"https:\/\/www.morebooks.de\/search\/pt?q=+Ricardo+Vieira+De+Lima&amp;via_keyword=1\">Ricardo Vieira De Lima<\/a>, <a class=\"standard_link\" href=\"https:\/\/www.morebooks.de\/search\/pt?q=+D%C3%AAnis+Pires+De+Lima&amp;via_keyword=1\">D\u00eanis Pires De Lima<\/a>, <a class=\"standard_link\" href=\"https:\/\/www.morebooks.de\/search\/pt?q=+Rosangela+Da+S.+Lopes&amp;via_keyword=1\">Rosangela Da S. Lopes<\/a><\/dt>\n<dt>Number of pages: 188<\/dt>\n<dt>Year: 2014<\/dt>\n<dt>\n<hr \/>\n<\/dt>\n<dt><\/dt>\n<\/dl>\n<p><a href=\"http:\/\/sintmol.ufms.br\/files\/2014\/09\/9781608059027-1.jpg\"><img loading=\"lazy\" decoding=\"async\" class=\"alignleft wp-image-871 size-thumbnail\" src=\"http:\/\/sintmol.ufms.br\/files\/2014\/09\/9781608059027-1-116x150.jpg\" alt=\"9781608059027-1\" width=\"116\" height=\"150\" srcset=\"https:\/\/sintmol.ufms.br\/files\/2014\/09\/9781608059027-1-116x150.jpg 116w, https:\/\/sintmol.ufms.br\/files\/2014\/09\/9781608059027-1-232x300.jpg 232w, https:\/\/sintmol.ufms.br\/files\/2014\/09\/9781608059027-1.jpg 700w\" sizes=\"(max-width: 116px) 100vw, 116px\" \/><\/a><a href=\"http:\/\/dx.doi.org\/10.2174\/97816080590271140101\" target=\"_blank\" rel=\"noopener noreferrer\"><b>Recent Advances in the Synthesis of Organic Compounds to Combat Neglected Tropical Diseases<\/b><\/a><\/p>\n<div class=\"title-2\">\n<div class=\"volume\">\n<div>Editors: Adilson Beatriz and D\u00eanis Pires de Lima<\/div>\n<div>DOI: 10.2174\/97816080590271140101<\/div>\n<div><strong>eISBN:<\/strong> 978-1-60805-902-7<\/div>\n<p><strong>ISBN:<\/strong> 978-1-60805-903-4<\/p>\n<\/div>\n<\/div>\n<p>&nbsp;<\/p>\n<hr \/>\n<div id=\"attachment_1104\" style=\"width: 92px\" class=\"wp-caption alignright\"><a href=\"https:\/\/www.facebook.com\/atheneuquimica\"><img loading=\"lazy\" decoding=\"async\" aria-describedby=\"caption-attachment-1104\" class=\"wp-image-1104\" src=\"http:\/\/sintmol.draconis.ufms.br\/files\/2015\/02\/fb-150x150.png\" alt=\"fb\" width=\"82\" height=\"82\" srcset=\"https:\/\/sintmol.ufms.br\/files\/2015\/02\/fb-150x150.png 150w, https:\/\/sintmol.ufms.br\/files\/2015\/02\/fb.png 225w\" sizes=\"(max-width: 82px) 100vw, 82px\" \/><\/a><p id=\"caption-attachment-1104\" class=\"wp-caption-text\">Visite a p\u00e1gina no Facebook<\/p><\/div>\n<h4 style=\"text-align: justify\">Book series: QU\u00cdMICA: CI\u00caNCIA E TECNOLOGIA &#8211; Editora Atheneu<\/h4>\n<h4 style=\"text-align: justify\">Coordinator: Prof. Adilson Beatriz<\/h4>\n<p>&nbsp;<\/p>\n<p style=\"text-align: justify\"><a href=\"http:\/\/sintmol.ufms.br\/files\/2015\/02\/225_-_quimica_supramolecular_e_nanotecnologia-1.png\"><img loading=\"lazy\" decoding=\"async\" class=\"alignleft wp-image-1078 size-thumbnail\" src=\"http:\/\/sintmol.ufms.br\/files\/2015\/02\/225_-_quimica_supramolecular_e_nanotecnologia-1-150x150.png\" alt=\"225_-_quimica_supramolecular_e_nanotecnologia (1)\" width=\"150\" height=\"150\" srcset=\"https:\/\/sintmol.ufms.br\/files\/2015\/02\/225_-_quimica_supramolecular_e_nanotecnologia-1-150x150.png 150w, https:\/\/sintmol.ufms.br\/files\/2015\/02\/225_-_quimica_supramolecular_e_nanotecnologia-1-300x300.png 300w, https:\/\/sintmol.ufms.br\/files\/2015\/02\/225_-_quimica_supramolecular_e_nanotecnologia-1-320x320.png 320w, https:\/\/sintmol.ufms.br\/files\/2015\/02\/225_-_quimica_supramolecular_e_nanotecnologia-1.png 500w\" sizes=\"(max-width: 150px) 100vw, 150px\" \/><\/a><\/p>\n<h4 class=\"product-name\" style=\"text-align: justify\"><a href=\"http:\/\/atheneu.com.br\/serie-quimica-ciencia-e-tecnologia-quimica-supramolecular-e-nanotecnologia.html#JumPos\" target=\"_blank\" rel=\"noopener noreferrer\">Qu\u00edmica Supramolecular e Nanotecnologia<\/a><\/h4>\n<p>Editor: &nbsp;Wendel Andrade Alves<br \/>\nISBN: 9788538805151<br \/>\nNumber of pages: 592<br \/>\nEdition: 1\u00aa Edi\u00e7\u00e3o &#8211; 2014<\/p>\n<p>&nbsp;<\/p>\n<p><a href=\"http:\/\/sintmol.ufms.br\/files\/2015\/02\/226_-_fundamentos_de_quimica.png\"><img loading=\"lazy\" decoding=\"async\" class=\"alignleft wp-image-1072 size-thumbnail\" src=\"http:\/\/sintmol.ufms.br\/files\/2015\/02\/226_-_fundamentos_de_quimica-130x150.png\" alt=\"226_-_fundamentos_de_quimica\" width=\"130\" height=\"150\" srcset=\"https:\/\/sintmol.ufms.br\/files\/2015\/02\/226_-_fundamentos_de_quimica-130x150.png 130w, https:\/\/sintmol.ufms.br\/files\/2015\/02\/226_-_fundamentos_de_quimica-261x300.png 261w, https:\/\/sintmol.ufms.br\/files\/2015\/02\/226_-_fundamentos_de_quimica-278x320.png 278w, https:\/\/sintmol.ufms.br\/files\/2015\/02\/226_-_fundamentos_de_quimica.png 340w\" sizes=\"(max-width: 130px) 100vw, 130px\" \/><\/a><\/p>\n<h4><a href=\"http:\/\/atheneu.com.br\/serie-quimica-ciencia-e-tecnologia-fundamentos-de-quimica.html#JumPos\" target=\"_blank\" rel=\"noopener noreferrer\">Fundamentos de Qu\u00edmica<\/a><\/h4>\n<p>Authors: Mauricio Gomes Constantino e Gil Valdo Jos\u00e9 da Silva<br \/>\nISBN: 9788538805168<br \/>\nNumber of pages: 144<br \/>\nEdition: 1\u00aa Edi\u00e7\u00e3o &#8211; 2014<\/p>\n<p>&nbsp;<\/p>\n<h4>&nbsp;<a href=\"http:\/\/sintmol.ufms.br\/files\/2015\/02\/227_-_ciencia_e_tecnologia_-_compostos_heterociclicos.png\"><img loading=\"lazy\" decoding=\"async\" class=\"alignleft wp-image-1075 size-thumbnail\" src=\"http:\/\/sintmol.ufms.br\/files\/2015\/02\/227_-_ciencia_e_tecnologia_-_compostos_heterociclicos-130x150.png\" alt=\"227_-_ciencia_e_tecnologia_-_compostos_heterociclicos\" width=\"130\" height=\"150\" srcset=\"https:\/\/sintmol.ufms.br\/files\/2015\/02\/227_-_ciencia_e_tecnologia_-_compostos_heterociclicos-130x150.png 130w, https:\/\/sintmol.ufms.br\/files\/2015\/02\/227_-_ciencia_e_tecnologia_-_compostos_heterociclicos-261x300.png 261w, https:\/\/sintmol.ufms.br\/files\/2015\/02\/227_-_ciencia_e_tecnologia_-_compostos_heterociclicos-278x320.png 278w, https:\/\/sintmol.ufms.br\/files\/2015\/02\/227_-_ciencia_e_tecnologia_-_compostos_heterociclicos.png 340w\" sizes=\"(max-width: 130px) 100vw, 130px\" \/><\/a><a href=\"http:\/\/atheneu.com.br\/serie-quimica-ciencia-e-tecnologia-compostos-heterociclicos-estudo-e-aplicacoes-sinteticas.html#JumPos\" target=\"_blank\" rel=\"noopener noreferrer\">Compostos Heteroc\u00edclicos: Estudo e Aplica\u00e7\u00f5es Sint\u00e9ticas<\/a><\/h4>\n<p>Author: Mirta Gladis Mondino<br \/>\nISBN: 9788538805175<br \/>\nNumber of pages: 224<br \/>\nEdition: 1\u00aa Edi\u00e7\u00e3o &#8211;&nbsp;&nbsp;2014<\/p>\n<p>&nbsp;<\/p>\n<p><a href=\"http:\/\/sintmol.ufms.br\/files\/2021\/07\/livros_lanca_2018.jpg\"><img loading=\"lazy\" decoding=\"async\" class=\"alignleft wp-image-3134 size-medium\" src=\"http:\/\/sintmol.ufms.br\/files\/2021\/07\/livros_lanca_2018-300x228.jpg\" alt=\"\" width=\"300\" height=\"228\" srcset=\"https:\/\/sintmol.ufms.br\/files\/2021\/07\/livros_lanca_2018-300x228.jpg 300w, https:\/\/sintmol.ufms.br\/files\/2021\/07\/livros_lanca_2018-150x114.jpg 150w, https:\/\/sintmol.ufms.br\/files\/2021\/07\/livros_lanca_2018-768x584.jpg 768w, https:\/\/sintmol.ufms.br\/files\/2021\/07\/livros_lanca_2018-421x320.jpg 421w, https:\/\/sintmol.ufms.br\/files\/2021\/07\/livros_lanca_2018.jpg 1000w\" sizes=\"(max-width: 300px) 100vw, 300px\" \/><\/a><\/p>\n<p><a href=\"https:\/\/www.amazon.com.br\/Qu%C3%ADmica-Org%C3%A2nica-Estrutura-Propriedades-Compostos\/dp\/853880703X\/ref=pd_sbs_2\/136-8860981-8608760?pd_rd_w=UJHHD&amp;pf_rd_p=a94e71ea-33bb-431c-ad4f-11f4e2decc0b&amp;pf_rd_r=FW8MVFPRQHY7BFBR4D90&amp;pd_rd_r=01e58ef6-1b6b-4c33-b88d-8be9b0f1e66f&amp;pd_rd_wg=H5csH&amp;pd_rd_i=853880703X&amp;psc=1\" target=\"_blank\" rel=\"noopener\"><strong>1. Qu\u00edmica Org\u00e2nica &#8211; Estrutura e Propriedades de Compostos Org\u00e2nicos<\/strong><\/a><\/p>\n<p>Editor: Paulo Marcos Donate<br \/>\nEdition: 1a. Edi\u00e7\u00e3o &#8211; 2018<\/p>\n<p>&nbsp;<\/p>\n<p><a href=\"https:\/\/www.amazon.com.br\/Fundamentos-Espectrometria-Aplica%C3%A7%C3%B5es-Adilson-Beatriz\/dp\/8538808079\/ref=sr_1_2?__mk_pt_BR=%C3%85M%C3%85%C5%BD%C3%95%C3%91&amp;dchild=1&amp;keywords=fundamentos+de+espectroscopia+e+aplica%C3%A7%C3%B5es&amp;qid=1626548754&amp;sr=8-2\" target=\"_blank\" rel=\"noopener\"><strong>2. Fundamentos de Espectrometria e Aplica\u00e7\u00f5es <\/strong><\/a><\/p>\n<p>Editor: Valdemar Lacerda J\u00fanior<br \/>\nEdition: 1a. Edi\u00e7\u00e3o &#8211; 2018<\/p>\n<p>&nbsp;<\/p>\n<p>&nbsp;<\/p>\n<hr \/>\n<p><a href=\"http:\/\/sintmol.ufms.br\/files\/2015\/02\/oil.jpg\"><img loading=\"lazy\" decoding=\"async\" class=\"alignleft wp-image-1474 size-thumbnail\" src=\"http:\/\/sintmol.ufms.br\/files\/2015\/02\/oil-99x150.jpg\" alt=\"Vegetable Oil Properties 978-1-63485-128-2\" width=\"99\" height=\"150\" srcset=\"https:\/\/sintmol.ufms.br\/files\/2015\/02\/oil-99x150.jpg 99w, https:\/\/sintmol.ufms.br\/files\/2015\/02\/oil.jpg 127w\" sizes=\"(max-width: 99px) 100vw, 99px\" \/><\/a><strong>Book:&nbsp;<a href=\"https:\/\/novapublishers.com\/shop\/vegetable-oil-properties-uses-and-benefits\/\" target=\"_blank\" rel=\"noopener noreferrer\">Vegetable Oil: Properties, Uses and Benefits<\/a> (2016)<\/strong><\/p>\n<p style=\"text-align: justify\"><strong>Chapter 5<\/strong>:&nbsp;Ozonized Vegetable Oils: Production, Chemical Characterization and Therapeutic Potential<br \/>\nAuthors: Nath\u00e1lia Rodrigues de Almeida, Adilson Beatriz, Eduardo Jos\u00e9 de Arruda, D\u00eanis Pires de Lima, Lincoln Carlos Silva de Oliveira and Ana Camila Micheletti,<\/p>\n<p>Publisher:&nbsp;Nova Science<\/p>\n<p>&nbsp;<\/p>\n<h3>Related Images:<\/h3>","protected":false},"excerpt":{"rendered":"<p>Book: Qu\u00edmica Org\u00e2nica Sint\u00e9tica (2022) &nbsp;&nbsp; Chapter 3: S\u00cdNTESE DE CITOSPORONAS E DE AN\u00c1LOGOS BIOATIVOS:&nbsp; UMA CLASSE PROMISSORA DE LIP\u00cdDEOS FEN\u00d3LICOS. Authors: Adilson Beatriz and D\u00eanis Pires de Lima Publisher: Sociedade Brasileira de Qu\u00edmica &#8211; SBQ &nbsp; Book: N-Heterocycles (2022) Chapter 3: Lactams, Azetidines, Penicillins, and Cephalosporins: An Overview on the Synthesis and Their Antibacterial [&hellip;]<\/p>\n","protected":false},"author":126,"featured_media":0,"parent":107,"menu_order":0,"comment_status":"closed","ping_status":"open","template":"","meta":{"ngg_post_thumbnail":0,"footnotes":""},"coauthors":[19],"class_list":["post-1058","page","type-page","status-publish","hentry"],"_links":{"self":[{"href":"https:\/\/sintmol.ufms.br\/en\/wp-json\/wp\/v2\/pages\/1058","targetHints":{"allow":["GET"]}}],"collection":[{"href":"https:\/\/sintmol.ufms.br\/en\/wp-json\/wp\/v2\/pages"}],"about":[{"href":"https:\/\/sintmol.ufms.br\/en\/wp-json\/wp\/v2\/types\/page"}],"author":[{"embeddable":true,"href":"https:\/\/sintmol.ufms.br\/en\/wp-json\/wp\/v2\/users\/126"}],"replies":[{"embeddable":true,"href":"https:\/\/sintmol.ufms.br\/en\/wp-json\/wp\/v2\/comments?post=1058"}],"version-history":[{"count":41,"href":"https:\/\/sintmol.ufms.br\/en\/wp-json\/wp\/v2\/pages\/1058\/revisions"}],"predecessor-version":[{"id":4282,"href":"https:\/\/sintmol.ufms.br\/en\/wp-json\/wp\/v2\/pages\/1058\/revisions\/4282"}],"up":[{"embeddable":true,"href":"https:\/\/sintmol.ufms.br\/en\/wp-json\/wp\/v2\/pages\/107"}],"wp:attachment":[{"href":"https:\/\/sintmol.ufms.br\/en\/wp-json\/wp\/v2\/media?parent=1058"}],"wp:term":[{"taxonomy":"author","embeddable":true,"href":"https:\/\/sintmol.ufms.br\/en\/wp-json\/wp\/v2\/coauthors?post=1058"}],"curies":[{"name":"wp","href":"https:\/\/api.w.org\/{rel}","templated":true}]}}